{"id":1009,"date":"2016-06-29T07:09:46","date_gmt":"2016-06-29T06:09:46","guid":{"rendered":"http:\/\/www.bocianiky.sk\/?page_id=1009"},"modified":"2026-01-23T10:01:37","modified_gmt":"2026-01-23T09:01:37","slug":"2-2","status":"publish","type":"page","link":"https:\/\/www.bocianiky.sk\/?page_id=1009","title":{"rendered":"2%"},"content":{"rendered":"[vc_row type=&#8220;in_container&#8220; full_screen_row_position=&#8220;middle&#8220; column_margin=&#8220;default&#8220; column_direction=&#8220;default&#8220; column_direction_tablet=&#8220;default&#8220; column_direction_phone=&#8220;default&#8220; scene_position=&#8220;center&#8220; text_color=&#8220;dark&#8220; text_align=&#8220;left&#8220; row_border_radius=&#8220;none&#8220; row_border_radius_applies=&#8220;bg&#8220; overflow=&#8220;visible&#8220; overlay_strength=&#8220;0.3&#8243; gradient_direction=&#8220;left_to_right&#8220; shape_divider_position=&#8220;bottom&#8220; bg_image_animation=&#8220;none&#8220;][vc_column column_padding=&#8220;no-extra-padding&#8220; column_padding_tablet=&#8220;inherit&#8220; column_padding_phone=&#8220;inherit&#8220; column_padding_position=&#8220;all&#8220; column_element_spacing=&#8220;default&#8220; background_color_opacity=&#8220;1&#8243; background_hover_color_opacity=&#8220;1&#8243; column_shadow=&#8220;none&#8220; column_border_radius=&#8220;none&#8220; column_link_target=&#8220;_self&#8220; column_position=&#8220;default&#8220; gradient_direction=&#8220;left_to_right&#8220; overlay_strength=&#8220;0.3&#8243; width=&#8220;1\/1&#8243; tablet_width_inherit=&#8220;default&#8220; tablet_text_alignment=&#8220;default&#8220; phone_text_alignment=&#8220;default&#8220; animation_type=&#8220;default&#8220; bg_image_animation=&#8220;none&#8220; border_type=&#8220;simple&#8220; column_border_width=&#8220;none&#8220; column_border_style=&#8220;solid&#8220;][vc_column_text]\n<p><span style=\"font-size: 18pt;\"><b>Za rok 2025 sme poberate\u013emi 2 percent.\u00a0<\/b><\/span><\/p>\n<p><strong>Tla\u010div\u00e1 :<\/strong><\/p>\n<p><strong>Zamestnanci:<\/strong><\/p>\n<p><a href=\"https:\/\/pfseform.financnasprava.sk\/Formulare\/eFormVzor\/DP\/form.623.html?utm_source=chatgpt.com\" target=\"_blank\" rel=\"noopener\">Vyhl\u00e1senie o poukazan\u00ed 2 percent<\/a><\/p>\n<p><strong>Fyzick\u00e9 osoby\/Pr\u00e1vnick\u00e9 :<\/strong><\/p>\n<div><a href=\"https:\/\/pfseform.financnasprava.sk\/Formulare\/eFormVzor\/DP\/form.620.html\" target=\"_blank\" rel=\"noopener\">Da\u0148ov\u00e9 priznanie typu A online<\/a><\/div>\n<div class=\"clear\"><a href=\"https:\/\/www.mfsr.sk\/files\/archiv\/2015\/3493\/1\/Potvrdenie-DPFO-typ-A.pdf\">Potvrdenie o podan\u00ed typu A<\/a><\/div>\n<div><a href=\"https:\/\/pfseform.financnasprava.sk\/Formulare\/eFormVzor\/DP\/form.621.html\" target=\"_blank\" rel=\"noopener\">Da\u0148ov\u00e9 priznanie typu B online<\/a><\/div>\n<div><a href=\"https:\/\/www.mfsr.sk\/files\/archiv\/financny-spravodajca\/4575\/55\/Potvrdenie-DP-FO-typ-B.pdf\">Potvrdenie o podan\u00ed typu B<\/a><\/div>\n<div><a href=\"https:\/\/pfseform.financnasprava.sk\/Formulare\/eFormVzor\/DP\/form.622.html\" target=\"_blank\" rel=\"noopener\">Da\u0148ov\u00e9 priznanie pr\u00e1vnickej osoby online<\/a><\/div>\n<div id=\"layoutCell123820\" class=\"cell NadpisCentrovanyText\"><a href=\"https:\/\/www.mfsr.sk\/files\/archiv\/financny-spravodajca\/4575\/55\/Potvrdenie-DPPO.pdf\">Potvrdenie o podan\u00ed typu PO<\/a><\/div>\n<p><strong>Inform\u00e1cie na podanie 2 percent :<\/strong><\/p>\n<p><strong>N\u00e1zov:\u00a0<\/strong>\u00a0 \u00a0 \u00a0 \u00a0 \u00a0 \u00a0 \u00a0 \u00a0 \u00a0 Bocianiky<\/p>\n<p><strong>Pr\u00e1vna forma:\u00a0 \u00a0<\/strong>Ob\u010dianske zdru\u017eenie<\/p>\n<p><strong>S\u00eddlo OZ:\u00a0<\/strong>\u00a0 \u00a0 \u00a0 \u00a0 \u00a0 \u00a0 \u00a0\u0160ustekova 29, Bratislava \u2013 Petr\u017ealka\u00a0 851 04<\/p>\n<p><strong>I\u010cO:<\/strong>\u00a0 \u00a0 \u00a0 \u00a0 \u00a0 \u00a0 \u00a0 \u00a0 \u00a0 \u00a0 \u00a0 \u00a0 42163226<\/p>\n<p><strong>DI\u010c:<\/strong>\u00a0 \u00a0 \u00a0 \u00a0 \u00a0 \u00a0 \u00a0 \u00a0 \u00a0 \u00a0 \u00a0 \u00a0 2023736517<\/p>\n<p>\u00a0<\/p>\n[\/vc_column_text][\/vc_column][\/vc_row]\n","protected":false},"excerpt":{"rendered":"<p>[vc_row type=&#8220;in_container&#8220; full_screen_row_position=&#8220;middle&#8220; column_margin=&#8220;default&#8220; column_direction=&#8220;default&#8220; column_direction_tablet=&#8220;default&#8220; column_direction_phone=&#8220;default&#8220; scene_position=&#8220;center&#8220; text_color=&#8220;dark&#8220; text_align=&#8220;left&#8220; row_border_radius=&#8220;none&#8220; row_border_radius_applies=&#8220;bg&#8220; overflow=&#8220;visible&#8220; overlay_strength=&#8220;0.3&#8243; gradient_direction=&#8220;left_to_right&#8220; shape_divider_position=&#8220;bottom&#8220; bg_image_animation=&#8220;none&#8220;][vc_column column_padding=&#8220;no-extra-padding&#8220; column_padding_tablet=&#8220;inherit&#8220; column_padding_phone=&#8220;inherit&#8220; column_padding_position=&#8220;all&#8220; column_element_spacing=&#8220;default&#8220; background_color_opacity=&#8220;1&#8243; background_hover_color_opacity=&#8220;1&#8243; column_shadow=&#8220;none&#8220; column_border_radius=&#8220;none&#8220; column_link_target=&#8220;_self&#8220; column_position=&#8220;default&#8220; gradient_direction=&#8220;left_to_right&#8220; overlay_strength=&#8220;0.3&#8243;&#8230;<\/p>\n","protected":false},"author":1,"featured_media":0,"parent":0,"menu_order":0,"comment_status":"closed","ping_status":"closed","template":"","meta":{"footnotes":""},"class_list":["post-1009","page","type-page","status-publish"],"_links":{"self":[{"href":"https:\/\/www.bocianiky.sk\/index.php?rest_route=\/wp\/v2\/pages\/1009","targetHints":{"allow":["GET"]}}],"collection":[{"href":"https:\/\/www.bocianiky.sk\/index.php?rest_route=\/wp\/v2\/pages"}],"about":[{"href":"https:\/\/www.bocianiky.sk\/index.php?rest_route=\/wp\/v2\/types\/page"}],"author":[{"embeddable":true,"href":"https:\/\/www.bocianiky.sk\/index.php?rest_route=\/wp\/v2\/users\/1"}],"replies":[{"embeddable":true,"href":"https:\/\/www.bocianiky.sk\/index.php?rest_route=%2Fwp%2Fv2%2Fcomments&post=1009"}],"version-history":[{"count":23,"href":"https:\/\/www.bocianiky.sk\/index.php?rest_route=\/wp\/v2\/pages\/1009\/revisions"}],"predecessor-version":[{"id":4759,"href":"https:\/\/www.bocianiky.sk\/index.php?rest_route=\/wp\/v2\/pages\/1009\/revisions\/4759"}],"wp:attachment":[{"href":"https:\/\/www.bocianiky.sk\/index.php?rest_route=%2Fwp%2Fv2%2Fmedia&parent=1009"}],"curies":[{"name":"wp","href":"https:\/\/api.w.org\/{rel}","templated":true}]}}