{"id":1039,"date":"2016-08-18T18:47:28","date_gmt":"2016-08-18T17:47:28","guid":{"rendered":"http:\/\/www.bocianiky.sk\/?page_id=1039"},"modified":"2026-02-22T11:42:08","modified_gmt":"2026-02-22T10:42:08","slug":"plavanie-v-skolskom-roku-20162017","status":"publish","type":"page","link":"https:\/\/www.bocianiky.sk\/","title":{"rendered":"Aktuality"},"content":{"rendered":"[vc_row type=&#8220;in_container&#8220; full_screen_row_position=&#8220;middle&#8220; column_margin=&#8220;default&#8220; column_direction=&#8220;default&#8220; column_direction_tablet=&#8220;default&#8220; column_direction_phone=&#8220;default&#8220; scene_position=&#8220;center&#8220; text_color=&#8220;dark&#8220; text_align=&#8220;left&#8220; row_border_radius=&#8220;none&#8220; row_border_radius_applies=&#8220;bg&#8220; overflow=&#8220;visible&#8220; overlay_strength=&#8220;0.3&#8243; gradient_direction=&#8220;left_to_right&#8220; shape_divider_position=&#8220;bottom&#8220; bg_image_animation=&#8220;none&#8220;][vc_column column_padding=&#8220;no-extra-padding&#8220; column_padding_tablet=&#8220;inherit&#8220; column_padding_phone=&#8220;inherit&#8220; column_padding_position=&#8220;all&#8220; column_element_spacing=&#8220;default&#8220; background_color_opacity=&#8220;1&#8243; background_hover_color_opacity=&#8220;1&#8243; column_shadow=&#8220;none&#8220; column_border_radius=&#8220;none&#8220; column_link_target=&#8220;_self&#8220; column_position=&#8220;default&#8220; gradient_direction=&#8220;left_to_right&#8220; overlay_strength=&#8220;0.3&#8243; width=&#8220;1\/1&#8243; tablet_width_inherit=&#8220;default&#8220; tablet_text_alignment=&#8220;default&#8220; phone_text_alignment=&#8220;default&#8220; animation_type=&#8220;default&#8220; bg_image_animation=&#8220;none&#8220; border_type=&#8220;simple&#8220; column_border_width=&#8220;none&#8220; column_border_style=&#8220;solid&#8220;][nectar_highlighted_text color_type=&#8220;regular&#8220; style=&#8220;full_text&#8220; highlight_expansion=&#8220;default&#8220;]&nbsp;<\/p>\n<p><span style=\"color: #ff0000;\"><strong><span style=\"color: #000000;\">V pr\u00edpad\u00e9 z\u00e1jmu o T\u00e1bor vyp\u00ed\u0161te prihlasovac\u00ed formul\u00e1r<\/span> <a href=\"https:\/\/forms.gle\/fdNQjABH9tp4dQmt9\" target=\"_blank\" rel=\"noopener\">&#8211; ODKAZ &#8211;<\/a><\/strong><\/span>[\/nectar_highlighted_text][\/vc_column][\/vc_row][vc_row type=&#8220;in_container&#8220; full_screen_row_position=&#8220;middle&#8220; column_margin=&#8220;default&#8220; column_direction=&#8220;default&#8220; column_direction_tablet=&#8220;default&#8220; column_direction_phone=&#8220;default&#8220; scene_position=&#8220;center&#8220; text_color=&#8220;dark&#8220; text_align=&#8220;left&#8220; row_border_radius=&#8220;none&#8220; row_border_radius_applies=&#8220;bg&#8220; overflow=&#8220;visible&#8220; overlay_strength=&#8220;0.3&#8243; gradient_direction=&#8220;left_to_right&#8220; shape_divider_position=&#8220;bottom&#8220; bg_image_animation=&#8220;none&#8220;][vc_column column_padding=&#8220;no-extra-padding&#8220; column_padding_tablet=&#8220;inherit&#8220; column_padding_phone=&#8220;inherit&#8220; column_padding_position=&#8220;all&#8220; column_element_spacing=&#8220;default&#8220; background_color_opacity=&#8220;1&#8243; background_hover_color_opacity=&#8220;1&#8243; column_shadow=&#8220;none&#8220; column_border_radius=&#8220;none&#8220; column_link_target=&#8220;_self&#8220; column_position=&#8220;default&#8220; gradient_direction=&#8220;left_to_right&#8220; overlay_strength=&#8220;0.3&#8243; width=&#8220;1\/2&#8243; tablet_width_inherit=&#8220;default&#8220; tablet_text_alignment=&#8220;default&#8220; phone_text_alignment=&#8220;default&#8220; animation_type=&#8220;default&#8220; bg_image_animation=&#8220;none&#8220; border_type=&#8220;simple&#8220; column_border_width=&#8220;none&#8220; column_border_style=&#8220;solid&#8220;][image_with_animation image_url=&#8220;4777&#8243; image_size=&#8220;medium_large&#8220; animation_type=&#8220;entrance&#8220; animation=&#8220;Fade In&#8220; hover_animation=&#8220;none&#8220; alignment=&#8220;&#8220; img_link_large=&#8220;yes&#8220; border_radius=&#8220;none&#8220; box_shadow=&#8220;none&#8220; image_loading=&#8220;default&#8220; max_width=&#8220;100%&#8220; max_width_mobile=&#8220;default&#8220;][\/vc_column][vc_column column_padding=&#8220;no-extra-padding&#8220; column_padding_tablet=&#8220;inherit&#8220; column_padding_phone=&#8220;inherit&#8220; column_padding_position=&#8220;all&#8220; column_element_spacing=&#8220;default&#8220; background_color_opacity=&#8220;1&#8243; background_hover_color_opacity=&#8220;1&#8243; column_shadow=&#8220;none&#8220; column_border_radius=&#8220;none&#8220; column_link_target=&#8220;_self&#8220; column_position=&#8220;default&#8220; gradient_direction=&#8220;left_to_right&#8220; overlay_strength=&#8220;0.3&#8243; width=&#8220;1\/2&#8243; tablet_width_inherit=&#8220;default&#8220; tablet_text_alignment=&#8220;default&#8220; phone_text_alignment=&#8220;default&#8220; animation_type=&#8220;default&#8220; bg_image_animation=&#8220;none&#8220; border_type=&#8220;simple&#8220; column_border_width=&#8220;none&#8220; column_border_style=&#8220;solid&#8220;][vc_column_text]<b>V\u00fdzva pre firmy: Sta\u0148te sa \u201ePr\u00edpravn\u00fdm t\u00edmom\u201c Bocianikov<\/b><\/p>\n<p>Dobrovo\u013en\u00edctvo v Bocianikoch nie je len o natieran\u00ed plotov. Pon\u00fakame v\u00e1m mo\u017enos\u0165 nahliadnu\u0165 do \u201ez\u00e1kulisia\u201c inkl\u00fazie a re\u00e1lne u\u013eah\u010di\u0165 \u017eivot rodin\u00e1m znev\u00fdhodnen\u00fdch det\u00ed.<span class=\"Apple-converted-space\">\u00a0<\/span><\/p>\n<p><b>Va\u0161a firemn\u00e1 misia v na\u0161om centre:<\/b><b><\/b><\/p>\n<ul>\n<li><b>Dielni\u010dky \u201eDe\u0148 vopred\u201c:<\/b> Toto je na\u0161a \u0161pecialita. Firemn\u00ed dobrovo\u013en\u00edci u n\u00e1s pripravuj\u00fa polotovary a podklady pre inkluz\u00edvne dielne. Vy strih\u00e1te, chyst\u00e1te hlinu alebo predpripravujete vzory, preto\u017ee pre znev\u00fdhodnen\u00e9 deti je to ve\u013ek\u00e1 v\u00fdzva. Nasleduj\u00faci de\u0148 si v\u0161ak ka\u017ed\u00e9 jedno z\u00a0nich vytvor\u00ed bez oh\u013eadu na hendikep svoj vlastn\u00fd v\u00fdrobok. <span class=\"Apple-converted-space\">\u00a0<\/span><\/li>\n<li><b>Keramick\u00fd teambuilding:<\/b> Vysk\u00fa\u0161ajte si pr\u00e1cu s keramikou ako t\u00edm. Pod veden\u00edm na\u0161ich lektorov vytvor\u00edte diela, ktor\u00e9 m\u00f4\u017eu zdobi\u0165 va\u0161u kancel\u00e1riu, alebo ich venujete do dobro\u010dinn\u00e9ho baz\u00e1ru Bocianikov.<\/li>\n<li><b>Zelen\u00fd re\u0161tart v predz\u00e1hradke:<\/b> Na\u0161a komunitn\u00e1 predz\u00e1hradka je miestom prv\u00e9ho kontaktu. Pom\u00f4\u017ete n\u00e1m s jej \u00fadr\u017ebou, v\u00fdsadbou byliniek alebo \u00fapravou posedenia. Je to ide\u00e1lny outdoorov\u00fd teambuilding priamo v srdci komunitn\u00e9ho centra.<\/li>\n<\/ul>\n<p><b>Pre\u010do Bocianiky?<\/b><\/p>\n<p>Preto\u017ee tu ch\u00e1peme, \u017ee <b>exkl\u00fazia<\/b> sa neporaz\u00ed len peniazmi, ale pr\u00edtomnos\u0165ou a spolo\u010dn\u00fdm \u010dasom. \u010ci u\u017e ste rodi\u010d h\u013eadaj\u00faci terapiu, alebo firma h\u013eadaj\u00faca zmysel, v Bocianikoch m\u00e1te dvere otvoren\u00e9.<\/p>\n<p>Pre viac info kontaktujte koordin\u00e1torku firemn\u00e9ho dobrovo\u013en\u00edctva<\/p>\n<p>Mgr. Michaela Bagalov\u00e1<br \/>\n+421\u00a0907\u00a0223 833[\/vc_column_text][\/vc_column][\/vc_row][vc_row type=&#8220;in_container&#8220; full_screen_row_position=&#8220;middle&#8220; column_margin=&#8220;default&#8220; column_direction=&#8220;default&#8220; column_direction_tablet=&#8220;default&#8220; column_direction_phone=&#8220;default&#8220; scene_position=&#8220;center&#8220; text_color=&#8220;dark&#8220; text_align=&#8220;left&#8220; row_border_radius=&#8220;none&#8220; row_border_radius_applies=&#8220;bg&#8220; overflow=&#8220;visible&#8220; overlay_strength=&#8220;0.3&#8243; gradient_direction=&#8220;left_to_right&#8220; shape_divider_position=&#8220;bottom&#8220; bg_image_animation=&#8220;none&#8220;][vc_column column_padding=&#8220;padding-3-percent&#8220; column_padding_tablet=&#8220;inherit&#8220; column_padding_phone=&#8220;inherit&#8220; column_padding_position=&#8220;all&#8220; column_element_spacing=&#8220;default&#8220; background_color_opacity=&#8220;1&#8243; background_hover_color_opacity=&#8220;1&#8243; column_shadow=&#8220;none&#8220; column_border_radius=&#8220;none&#8220; column_link_target=&#8220;_self&#8220; column_position=&#8220;default&#8220; advanced_gradient_angle=&#8220;0&#8243; gradient_direction=&#8220;left_to_right&#8220; overlay_strength=&#8220;0.3&#8243; width=&#8220;1\/1&#8243; tablet_width_inherit=&#8220;default&#8220; tablet_text_alignment=&#8220;default&#8220; phone_text_alignment=&#8220;default&#8220; animation_type=&#8220;default&#8220; bg_image_animation=&#8220;none&#8220; border_type=&#8220;simple&#8220; column_border_width=&#8220;none&#8220; column_border_style=&#8220;solid&#8220; gradient_type=&#8220;default&#8220;][nectar_text_inline_images media_type=&#8220;images&#8220; image_size=&#8220;medium&#8220; image_effect=&#8220;none&#8220; image_loading=&#8220;default&#8220;]<strong>Na\u0161a cesta<\/strong><\/p>\n<p>U\u017e 15 rokov prin\u00e1\u0161ame rados\u0165 z pohybu, tvorenia a spolo\u010dne str\u00e1ven\u00e9ho \u010dasu.<br \/>\nNa za\u010diatku sme p\u00f4sobili v mal\u00fdch priestoroch na Mokroh\u00e1jskej, kde sme s nad\u0161en\u00edm a odhodlan\u00edm za\u010d\u00ednali na\u0161u cestu. Postupne sme z\u00edskali vlastn\u00fd baz\u00e9n, v ktorom sa zrodilo mno\u017estvo kr\u00e1snych pr\u00edbehov \u2013 od prv\u00fdch dotykov s vodou a\u017e po plaveck\u00e9 \u00faspechy.<\/p>\n<p>V\u010faka Halwikovej met\u00f3de sme pomohli mnoh\u00fdm de\u0165om so zdravotn\u00fdm znev\u00fdhodnen\u00edm prekona\u0165 strach z vody. Z neplavcov sa stali plavci. V\u010faka pravideln\u00e9mu cvi\u010deniu sa u\u010dili ot\u00e1\u010da\u0165, sedie\u0165, st\u00e1\u0165 aj kr\u00e1\u010da\u0165 \u2013 a spolu s nimi r\u00e1stla aj odvaha a rados\u0165 ich rod\u00edn. Na\u0161ou \u00falohou nebolo len u\u010di\u0165, ale aj povzbudi\u0165, sprev\u00e1dza\u0165 a podporova\u0165 ka\u017ed\u00e9ho na tejto ceste.<\/p>\n<p>Organizujeme aj mno\u017estvo dielni\u010diek \u2013 kedysi sme sa stret\u00e1vali v malej skupinke 3\u20134 det\u00ed, dnes n\u00e1s b\u00fdva aj 20 a\u017e 40.<br \/>\nTento rast a rados\u0165 z komunity s\u00fa mo\u017en\u00e9 v\u010faka na\u0161im nov\u00fdm, ve\u013ekorys\u00fdm priestorom v Petr\u017ealke na \u0160ustekovej ulici.<\/p>\n<p>Nov\u00e9 priestory n\u00e1m z\u00e1rove\u0148 umo\u017enili roz\u0161\u00edri\u0165 na\u0161u \u010dinnos\u0165 o keramick\u00fa tvorbu \u2013 pribudla keramick\u00e1 pec, v\u010faka ktorej pod rukami mnoh\u00fdch z v\u00e1s pravidelne o\u017e\u00edvaj\u00fa kr\u00e1sne a origin\u00e1lne keramick\u00e9 v\u00fdrobky. Priestory sme doplnili aj o lezeck\u00fa stenu, ktor\u00e1 prin\u00e1\u0161a de\u0165om aj dospel\u00fdm nov\u00e9 pohybov\u00e9 v\u00fdzvy, z\u00e1bavu a mo\u017enos\u0165 posilni\u0165 si odvahu i koordin\u00e1ciu.<\/p>\n<p>U\u017e viac ako 10 rokov organizujeme Letn\u00e9 inkluz\u00edvne t\u00e1bory, kde sa sp\u00e1ja a prel\u00edna svet zdrav\u00fdch det\u00ed a t\u00fdch \u201einak obdarovan\u00fdch\u201c. U\u010d\u00edme sa navz\u00e1jom by\u0165 si darom, priate\u013eom a oporou \u2013 a spolo\u010dne objavujeme, \u017ee ka\u017ed\u00fd z n\u00e1s m\u00e1 \u010do pon\u00faknu\u0165.<\/p>\n<p>Cez Bratislavsk\u00e9 dobrovo\u013en\u00edcke centum k n\u00e1m postupne prenik\u00e1 aj firemn\u00e9 dobrovo\u013en\u00edctvo, v\u010faka ktor\u00e9mu sa \u010falej zvidite\u013e\u0148uje pr\u00edbeh Bocianikov \u2013 pr\u00edbeh, ktor\u00fd tvor\u00edte vy.<\/p>\n<p>Zap\u00e1jame aj miestnu komunitu, napr\u00edklad prostredn\u00edctvom na\u0161ej pestrofarebnej kvetinovej predz\u00e1hradky, ktor\u00e1 je mal\u00fdm symbolom \u017eivota, rozmanitosti a spolo\u010dn\u00e9ho \u00fasilia.<\/p>\n<p>\u010eakujeme v\u00e1m v\u0161etk\u00fdm \u2013 de\u0165om, rodi\u010dom, dobrovo\u013en\u00edkom aj priate\u013eom \u2013 \u017ee spolu s nami tvor\u00edte srdce Bocianikov.[\/nectar_text_inline_images][nectar_video_player_self_hosted video_webm=&#8220;https:\/\/www.bocianiky.sk\/wp-content\/uploads\/2025\/10\/Bocianiky-150.mp4&#8243; video_image=&#8220;4639&#8243; el_aspect_tablet=&#8220;169&#8243; el_aspect_phone=&#8220;169&#8243; align=&#8220;center&#8220; rm_on_mobile=&#8220;true&#8220; player_functionality=&#8220;lightbox&#8220; play_button_style=&#8220;default&#8220; border_radius=&#8220;none&#8220; box_shadow=&#8220;none&#8220; advanced_gradient_angle=&#8220;0&#8243; advanced_gradient_display_type=&#8220;linear&#8220;][\/vc_column][\/vc_row]\n","protected":false},"excerpt":{"rendered":"<p>[vc_row type=&#8220;in_container&#8220; full_screen_row_position=&#8220;middle&#8220; column_margin=&#8220;default&#8220; column_direction=&#8220;default&#8220; column_direction_tablet=&#8220;default&#8220; column_direction_phone=&#8220;default&#8220; scene_position=&#8220;center&#8220; text_color=&#8220;dark&#8220; text_align=&#8220;left&#8220; row_border_radius=&#8220;none&#8220; row_border_radius_applies=&#8220;bg&#8220; overflow=&#8220;visible&#8220; overlay_strength=&#8220;0.3&#8243; gradient_direction=&#8220;left_to_right&#8220; shape_divider_position=&#8220;bottom&#8220; bg_image_animation=&#8220;none&#8220;][vc_column column_padding=&#8220;no-extra-padding&#8220; column_padding_tablet=&#8220;inherit&#8220; column_padding_phone=&#8220;inherit&#8220; column_padding_position=&#8220;all&#8220; column_element_spacing=&#8220;default&#8220; background_color_opacity=&#8220;1&#8243; background_hover_color_opacity=&#8220;1&#8243; column_shadow=&#8220;none&#8220; column_border_radius=&#8220;none&#8220; column_link_target=&#8220;_self&#8220; column_position=&#8220;default&#8220; gradient_direction=&#8220;left_to_right&#8220; overlay_strength=&#8220;0.3&#8243;&#8230;<\/p>\n","protected":false},"author":1,"featured_media":0,"parent":0,"menu_order":0,"comment_status":"closed","ping_status":"closed","template":"","meta":{"footnotes":""},"class_list":["post-1039","page","type-page","status-publish"],"_links":{"self":[{"href":"https:\/\/www.bocianiky.sk\/index.php?rest_route=\/wp\/v2\/pages\/1039","targetHints":{"allow":["GET"]}}],"collection":[{"href":"https:\/\/www.bocianiky.sk\/index.php?rest_route=\/wp\/v2\/pages"}],"about":[{"href":"https:\/\/www.bocianiky.sk\/index.php?rest_route=\/wp\/v2\/types\/page"}],"author":[{"embeddable":true,"href":"https:\/\/www.bocianiky.sk\/index.php?rest_route=\/wp\/v2\/users\/1"}],"replies":[{"embeddable":true,"href":"https:\/\/www.bocianiky.sk\/index.php?rest_route=%2Fwp%2Fv2%2Fcomments&post=1039"}],"version-history":[{"count":128,"href":"https:\/\/www.bocianiky.sk\/index.php?rest_route=\/wp\/v2\/pages\/1039\/revisions"}],"predecessor-version":[{"id":4781,"href":"https:\/\/www.bocianiky.sk\/index.php?rest_route=\/wp\/v2\/pages\/1039\/revisions\/4781"}],"wp:attachment":[{"href":"https:\/\/www.bocianiky.sk\/index.php?rest_route=%2Fwp%2Fv2%2Fmedia&parent=1039"}],"curies":[{"name":"wp","href":"https:\/\/api.w.org\/{rel}","templated":true}]}}