{"id":1149,"date":"2017-02-19T19:36:27","date_gmt":"2017-02-19T18:36:27","guid":{"rendered":"http:\/\/www.bocianiky.sk\/?page_id=1149"},"modified":"2023-03-02T18:42:25","modified_gmt":"2023-03-02T17:42:25","slug":"plavanie-deti-2","status":"publish","type":"page","link":"https:\/\/www.bocianiky.sk\/?page_id=1149","title":{"rendered":"Pl\u00e1vanie det\u00ed"},"content":{"rendered":"<p>Pl\u00e1vanie det\u00ed prebieha v ur\u010dit\u00fdch didaktick\u00fdch postupoch a s prihliadnut\u00edm na individu\u00e1lne potreby die\u0165a\u0165a. Vyu\u017e\u00edvame dlhoro\u010dn\u00e9 sk\u00fasenosti a prax s v\u00fdukou pl\u00e1vania det\u00ed, a to aj modifik\u00e1ciou jednotliv\u00fdch prvkov Hallwickovej met\u00f3dy.<\/p>\n<p><strong>Postupnos\u0165 prvkov na jednotliv\u00fdch hodin\u00e1ch pl\u00e1vania realizujeme:<\/strong><\/p>\n<ol>\n<li>odb\u00faravan\u00edm strachu z vodn\u00e9ho prostredia<\/li>\n<li>d\u00fdchac\u00edmi cvi\u010deniami<\/li>\n<li>spl\u00fdvan\u00edm vo vodnom prostred\u00ed<\/li>\n<li>z\u00e1kladn\u00fdmi prvkami samostatnosti vo vodnom prostred\u00ed<\/li>\n<li>osvojen\u00edm prv\u00fdch plaveck\u00fdch zru\u010dnost\u00ed<\/li>\n<li>adapt\u00e1ciou na zlo\u017eitej\u0161ie podmienky vo vodnom prostred\u00ed<\/li>\n<li>n\u00e1cvikom v\u0161etk\u00fdch plaveck\u00fdch \u0161t\u00fdlov<\/li>\n<\/ol>\n<p>V \u0161trukt\u00fare hodiny vyu\u017e\u00edvame didaktick\u00e9 z\u00e1sady\u00a0s prihliadnut\u00edm na psychick\u00fd stav die\u0165a\u0165a. Metodiku hodiny n\u00e1zorne aplikujeme adapt\u00e1ciou na\u00a0prostredie,\u00a0cvi\u010deniami s prvkami d\u00fdchania a n\u00e1sledne osvojovan\u00edm pohybov\u00fdch zru\u010dnost\u00ed. Z\u00e1ver hodiny ukon\u010dujeme r\u00f4znymi hrami. Sna\u017e\u00edme sa, aby hodiny pl\u00e1vania boli kreat\u00edvne a z\u00e1bavn\u00e9, pln\u00e9 radosti a spokojnosti.<\/p>\n<p><img fetchpriority=\"high\" decoding=\"async\" class=\"alignnone wp-image-1423\" src=\"https:\/\/www.bocianiky.sk\/wp-content\/uploads\/2017\/03\/image-2918-4940582-300x225.jpg\" alt=\"\" width=\"270\" height=\"203\" srcset=\"https:\/\/www.bocianiky.sk\/wp-content\/uploads\/2017\/03\/image-2918-4940582-300x225.jpg 300w, https:\/\/www.bocianiky.sk\/wp-content\/uploads\/2017\/03\/image-2918-4940582-600x450.jpg 600w, https:\/\/www.bocianiky.sk\/wp-content\/uploads\/2017\/03\/image-2918-4940582-768x576.jpg 768w, https:\/\/www.bocianiky.sk\/wp-content\/uploads\/2017\/03\/image-2918-4940582-1024x768.jpg 1024w\" sizes=\"(max-width: 270px) 100vw, 270px\" \/> \u00a0 \u00a0\u00a0 <img decoding=\"async\" class=\"alignnone wp-image-1422\" src=\"https:\/\/www.bocianiky.sk\/wp-content\/uploads\/2017\/03\/IMG_0195-300x225.jpg\" alt=\"\" width=\"270\" height=\"203\" srcset=\"https:\/\/www.bocianiky.sk\/wp-content\/uploads\/2017\/03\/IMG_0195-300x225.jpg 300w, https:\/\/www.bocianiky.sk\/wp-content\/uploads\/2017\/03\/IMG_0195-600x450.jpg 600w, https:\/\/www.bocianiky.sk\/wp-content\/uploads\/2017\/03\/IMG_0195-768x576.jpg 768w, https:\/\/www.bocianiky.sk\/wp-content\/uploads\/2017\/03\/IMG_0195-1024x768.jpg 1024w\" sizes=\"(max-width: 270px) 100vw, 270px\" \/><\/p>\n<p><img decoding=\"async\" class=\"alignnone wp-image-1421\" src=\"https:\/\/www.bocianiky.sk\/wp-content\/uploads\/2017\/03\/20160621_170855-300x225.jpg\" alt=\"\" width=\"270\" height=\"203\" srcset=\"https:\/\/www.bocianiky.sk\/wp-content\/uploads\/2017\/03\/20160621_170855-300x225.jpg 300w, https:\/\/www.bocianiky.sk\/wp-content\/uploads\/2017\/03\/20160621_170855-600x450.jpg 600w, https:\/\/www.bocianiky.sk\/wp-content\/uploads\/2017\/03\/20160621_170855-768x576.jpg 768w, https:\/\/www.bocianiky.sk\/wp-content\/uploads\/2017\/03\/20160621_170855-1024x768.jpg 1024w\" sizes=\"(max-width: 270px) 100vw, 270px\" \/>\u00a0\u00a0\u00a0\u00a0\u00a0 <img loading=\"lazy\" decoding=\"async\" class=\"alignnone wp-image-1420\" src=\"https:\/\/www.bocianiky.sk\/wp-content\/uploads\/2017\/03\/20160211_161819-300x225.jpg\" alt=\"\" width=\"270\" height=\"203\" srcset=\"https:\/\/www.bocianiky.sk\/wp-content\/uploads\/2017\/03\/20160211_161819-300x225.jpg 300w, https:\/\/www.bocianiky.sk\/wp-content\/uploads\/2017\/03\/20160211_161819-600x450.jpg 600w, https:\/\/www.bocianiky.sk\/wp-content\/uploads\/2017\/03\/20160211_161819-768x576.jpg 768w, https:\/\/www.bocianiky.sk\/wp-content\/uploads\/2017\/03\/20160211_161819-1024x768.jpg 1024w\" sizes=\"(max-width: 270px) 100vw, 270px\" \/><\/p>\n","protected":false},"excerpt":{"rendered":"<p>Pl\u00e1vanie det\u00ed prebieha v ur\u010dit\u00fdch didaktick\u00fdch postupoch a s prihliadnut\u00edm na individu\u00e1lne potreby die\u0165a\u0165a. Vyu\u017e\u00edvame dlhoro\u010dn\u00e9 sk\u00fasenosti a prax s v\u00fdukou pl\u00e1vania det\u00ed, a to aj modifik\u00e1ciou jednotliv\u00fdch prvkov Hallwickovej&#8230;<\/p>\n","protected":false},"author":1,"featured_media":0,"parent":0,"menu_order":0,"comment_status":"closed","ping_status":"closed","template":"","meta":{"footnotes":""},"class_list":["post-1149","page","type-page","status-publish"],"_links":{"self":[{"href":"https:\/\/www.bocianiky.sk\/index.php?rest_route=\/wp\/v2\/pages\/1149","targetHints":{"allow":["GET"]}}],"collection":[{"href":"https:\/\/www.bocianiky.sk\/index.php?rest_route=\/wp\/v2\/pages"}],"about":[{"href":"https:\/\/www.bocianiky.sk\/index.php?rest_route=\/wp\/v2\/types\/page"}],"author":[{"embeddable":true,"href":"https:\/\/www.bocianiky.sk\/index.php?rest_route=\/wp\/v2\/users\/1"}],"replies":[{"embeddable":true,"href":"https:\/\/www.bocianiky.sk\/index.php?rest_route=%2Fwp%2Fv2%2Fcomments&post=1149"}],"version-history":[{"count":0,"href":"https:\/\/www.bocianiky.sk\/index.php?rest_route=\/wp\/v2\/pages\/1149\/revisions"}],"wp:attachment":[{"href":"https:\/\/www.bocianiky.sk\/index.php?rest_route=%2Fwp%2Fv2%2Fmedia&parent=1149"}],"curies":[{"name":"wp","href":"https:\/\/api.w.org\/{rel}","templated":true}]}}