{"id":1150,"date":"2017-02-19T19:36:46","date_gmt":"2017-02-19T18:36:46","guid":{"rendered":"http:\/\/www.bocianiky.sk\/?page_id=1150"},"modified":"2024-01-07T12:04:04","modified_gmt":"2024-01-07T11:04:04","slug":"rehabilitacne-a-rekondicne-plavanie","status":"publish","type":"page","link":"https:\/\/www.bocianiky.sk\/?page_id=1150","title":{"rendered":"Rehabilita\u010dn\u00e9  pl\u00e1vanie"},"content":{"rendered":"<p><u>Rehabilita<\/u><u>\u010dn<\/u><u>\u00e9 <\/u><u>pl\u00e1vanie <\/u>vyu\u017e\u00edvame u klientov s r\u00f4znymi zdravotn\u00fdmi\u00a0probl\u00e9mami. Zameriavame sa na plaveck\u00fd \u0161t\u00fdl znak s prihliadnut\u00edm na individu\u00e1lne potreby\u00a0klienta.Spr\u00e1vnymi plaveck\u00fdmi cvi\u010deniami ovplyv\u0148ujeme svalov\u00fa dysbalanciu svalov\u00e9ho korzetu plavca.<\/p>\n<p><u>V rekondi<\/u><u>\u010dnom &#8211; kondi\u010dnom pl\u00e1<\/u><u>van<\/u><u>\u00ed <\/u>sa zameriavame na posilnenie\u00a0 v\u0161etk\u00fdch svalov\u00fdch skup\u00edn a zlep\u0161enie v\u0161eobecnej vytrvalosti. Z\u00e1rove\u0148\u00a0 osvojujeme a nacvi\u010dujeme\u00a0v\u0161etky plaveck\u00e9 \u00a0\u0161t\u00fdly.<\/p>\n<p><img decoding=\"async\" class=\"wp-image-1429 alignnone\" src=\"https:\/\/www.bocianiky.sk\/wp-content\/uploads\/2017\/03\/DSC_0266-300x199.jpg\" alt=\"\" width=\"270\" height=\"179\" srcset=\"https:\/\/www.bocianiky.sk\/wp-content\/uploads\/2017\/03\/DSC_0266-300x199.jpg 300w, https:\/\/www.bocianiky.sk\/wp-content\/uploads\/2017\/03\/DSC_0266-600x397.jpg 600w, https:\/\/www.bocianiky.sk\/wp-content\/uploads\/2017\/03\/DSC_0266-768x509.jpg 768w, https:\/\/www.bocianiky.sk\/wp-content\/uploads\/2017\/03\/DSC_0266-1024x678.jpg 1024w\" sizes=\"(max-width: 270px) 100vw, 270px\" \/>\u00a0\u00a0\u00a0\u00a0\u00a0\u00a0 <img decoding=\"async\" class=\"alignnone wp-image-1427\" src=\"https:\/\/www.bocianiky.sk\/wp-content\/uploads\/2017\/03\/DSC_0058-300x199.jpg\" alt=\"\" width=\"270\" height=\"179\" srcset=\"https:\/\/www.bocianiky.sk\/wp-content\/uploads\/2017\/03\/DSC_0058-300x199.jpg 300w, https:\/\/www.bocianiky.sk\/wp-content\/uploads\/2017\/03\/DSC_0058-600x397.jpg 600w, https:\/\/www.bocianiky.sk\/wp-content\/uploads\/2017\/03\/DSC_0058-768x509.jpg 768w, https:\/\/www.bocianiky.sk\/wp-content\/uploads\/2017\/03\/DSC_0058-1024x678.jpg 1024w\" sizes=\"(max-width: 270px) 100vw, 270px\" \/><\/p>\n","protected":false},"excerpt":{"rendered":"<p>Rehabilita\u010dn\u00e9 pl\u00e1vanie vyu\u017e\u00edvame u klientov s r\u00f4znymi zdravotn\u00fdmi\u00a0probl\u00e9mami. Zameriavame sa na plaveck\u00fd \u0161t\u00fdl znak s prihliadnut\u00edm na individu\u00e1lne potreby\u00a0klienta.Spr\u00e1vnymi plaveck\u00fdmi cvi\u010deniami ovplyv\u0148ujeme svalov\u00fa dysbalanciu svalov\u00e9ho korzetu plavca. V rekondi\u010dnom &#8211;&#8230;<\/p>\n","protected":false},"author":1,"featured_media":0,"parent":0,"menu_order":0,"comment_status":"closed","ping_status":"closed","template":"","meta":{"footnotes":""},"class_list":["post-1150","page","type-page","status-publish"],"_links":{"self":[{"href":"https:\/\/www.bocianiky.sk\/index.php?rest_route=\/wp\/v2\/pages\/1150","targetHints":{"allow":["GET"]}}],"collection":[{"href":"https:\/\/www.bocianiky.sk\/index.php?rest_route=\/wp\/v2\/pages"}],"about":[{"href":"https:\/\/www.bocianiky.sk\/index.php?rest_route=\/wp\/v2\/types\/page"}],"author":[{"embeddable":true,"href":"https:\/\/www.bocianiky.sk\/index.php?rest_route=\/wp\/v2\/users\/1"}],"replies":[{"embeddable":true,"href":"https:\/\/www.bocianiky.sk\/index.php?rest_route=%2Fwp%2Fv2%2Fcomments&post=1150"}],"version-history":[{"count":2,"href":"https:\/\/www.bocianiky.sk\/index.php?rest_route=\/wp\/v2\/pages\/1150\/revisions"}],"predecessor-version":[{"id":4185,"href":"https:\/\/www.bocianiky.sk\/index.php?rest_route=\/wp\/v2\/pages\/1150\/revisions\/4185"}],"wp:attachment":[{"href":"https:\/\/www.bocianiky.sk\/index.php?rest_route=%2Fwp%2Fv2%2Fmedia&parent=1150"}],"curies":[{"name":"wp","href":"https:\/\/api.w.org\/{rel}","templated":true}]}}