{"id":1170,"date":"2017-02-19T19:50:38","date_gmt":"2017-02-19T18:50:38","guid":{"rendered":"http:\/\/www.bocianiky.sk\/?page_id=1170"},"modified":"2023-01-11T11:52:07","modified_gmt":"2023-01-11T10:52:07","slug":"o-nas-2","status":"publish","type":"page","link":"https:\/\/www.bocianiky.sk\/?page_id=1170","title":{"rendered":"O n\u00e1s"},"content":{"rendered":"<p>Ob\u010dianske zdru\u017eenie Bocianiky sl\u00fa\u017ei pre potrebu klientov so zdravotn\u00fdm,&nbsp;telesn\u00fdm a ment\u00e1lnym znev\u00fdhodnen\u00edm. Sp\u00e1jame dva svety a to svet zdrav\u00fdch, so svetom zdravotne znev\u00fdhodnen\u00fdch det\u00ed. Svet pln\u00fd radost\u00ed, bez obmedzen\u00ed, so svetom pln\u00fdch prek\u00e1\u017eok a izol\u00e1cie. Cie\u013eom je zapoji\u0165 zdravotne znev\u00fdhodnen\u00e9 deti do sveta \u0161portu vo vode ako aj na suchu s ich zdrav\u00fdmi rovesn\u00edkmi.&nbsp; Rozv\u00edjame \u010dinnosti vyu\u017eitia vo\u013eno-\u010dasov\u00fdch aktiv\u00edt kult\u00farneho, rehabilita\u010dn\u00e9ho &#8211; rekondi\u010dn\u00e9ho ako aj rekrea\u010dn\u00e9ho charakteru.<\/p>\n<p>Organizujeme vzdel\u00e1vacie a osvetov\u00e9 aktivity pre \u010dlenov zdru\u017eenia, laick\u00fa i odborn\u00fa verejnos\u0165 zvy\u0161ova\u0165 odborn\u00fa \u00farove\u0148 \u010dlenov zdru\u017eenia aktivitami v priamom kontakte s de\u0165mi. Podie\u013eame&nbsp; sa pri organizovan\u00ed rehabilita\u010dno &#8211; rekondi\u010dn\u00fdch aktiv\u00edt pre cel\u00e9 rodiny.<\/p>\n<p>Na\u0161e zdru\u017eenie m\u00e1 z\u00e1ujem rie\u0161i\u0165 probl\u00e9my \u0161irokej popul\u00e1cie \u013eud\u00ed s&nbsp;r\u00f4znymi obmedzeniami, ktor\u00e9 limituj\u00fa na\u0161ich spoluob\u010danov v&nbsp;aktivite rozv\u00edja\u0165 na\u0161u spolo\u010dnos\u0165.<\/p>\n<p><strong>T\u00edm zdru\u017eenia<\/strong><\/p>\n<p><strong><em>Mgr. Peter Chochol\u00e1\u010dek :<\/em><\/strong> hydroterapeut, in\u0161truktor Aquafitnes, mas\u00e9r, tr\u00e9ner pl\u00e1vania, diplomov\u00fd tr\u00e9ner fitnes, kulturistika a silov\u00fd trojboj<\/p>\n<p><em><strong>Bc. Andrea Chochol\u00e1\u010dkov\u00e1<\/strong><strong> :<\/strong><\/em> fyzioterapeut, in\u0161truktor pilates s medzin\u00e1rodn\u00fdm certifik\u00e1tom, hydroterapeut, tr\u00e9ner pl\u00e1vania, mas\u00e9r &#8211; manu\u00e1lna lymfodren\u00e1\u017e<\/p>\n","protected":false},"excerpt":{"rendered":"<p>Ob\u010dianske zdru\u017eenie Bocianiky sl\u00fa\u017ei pre potrebu klientov so zdravotn\u00fdm,&nbsp;telesn\u00fdm a ment\u00e1lnym znev\u00fdhodnen\u00edm. Sp\u00e1jame dva svety a to svet zdrav\u00fdch, so svetom zdravotne znev\u00fdhodnen\u00fdch det\u00ed. Svet pln\u00fd radost\u00ed, bez obmedzen\u00ed, so&#8230;<\/p>\n","protected":false},"author":1,"featured_media":0,"parent":0,"menu_order":0,"comment_status":"closed","ping_status":"closed","template":"","meta":{"footnotes":""},"class_list":["post-1170","page","type-page","status-publish"],"_links":{"self":[{"href":"https:\/\/www.bocianiky.sk\/index.php?rest_route=\/wp\/v2\/pages\/1170","targetHints":{"allow":["GET"]}}],"collection":[{"href":"https:\/\/www.bocianiky.sk\/index.php?rest_route=\/wp\/v2\/pages"}],"about":[{"href":"https:\/\/www.bocianiky.sk\/index.php?rest_route=\/wp\/v2\/types\/page"}],"author":[{"embeddable":true,"href":"https:\/\/www.bocianiky.sk\/index.php?rest_route=\/wp\/v2\/users\/1"}],"replies":[{"embeddable":true,"href":"https:\/\/www.bocianiky.sk\/index.php?rest_route=%2Fwp%2Fv2%2Fcomments&post=1170"}],"version-history":[{"count":0,"href":"https:\/\/www.bocianiky.sk\/index.php?rest_route=\/wp\/v2\/pages\/1170\/revisions"}],"wp:attachment":[{"href":"https:\/\/www.bocianiky.sk\/index.php?rest_route=%2Fwp%2Fv2%2Fmedia&parent=1170"}],"curies":[{"name":"wp","href":"https:\/\/api.w.org\/{rel}","templated":true}]}}