{"id":1297,"date":"2017-02-21T20:28:50","date_gmt":"2017-02-21T19:28:50","guid":{"rendered":"http:\/\/www.bocianiky.sk\/?page_id=1297"},"modified":"2024-01-07T11:57:28","modified_gmt":"2024-01-07T10:57:28","slug":"akcie","status":"publish","type":"page","link":"https:\/\/www.bocianiky.sk\/?page_id=1297","title":{"rendered":"Vodn\u00e9 radosti"},"content":{"rendered":"<p class=\"p2\"><span class=\"s2\"><br \/>\nPri pr\u00edle\u017eitosti\u00a0 sviatku v\u0161etk\u00fdch det\u00ed a ukon\u010denia \u0161kolsk\u00e9ho roka 2017\/2018 t\u00edm Bocianikov u\u017e po tret\u00ed kr\u00e1t \u00faspe\u0161ne uskuto\u010dnil integr\u00e1ciou pre v\u0161etky deti a ich rodi\u010dov r\u00f4znymi s\u00fa\u0165a\u017eami podujatie s n\u00e1zvom \u201cVodn\u00e9 radosti\u201d, ktor\u00e9 sa konalo na 3-dr\u00e1hovom baz\u00e9ne na Mokroh\u00e1jskej ulici pod veden\u00edm predsedu zdru\u017eenia Mgr. Peter Chochol\u00e1\u010dek.<\/span><\/p>\n<p class=\"p2\"><span class=\"s2\">Samotn\u00fd priebeh tohto podujatia sa realizoval r\u00f4znymi vodn\u00fdmi discipl\u00ednami. Tento rok boli pridan\u00e9 nov\u00e9 discipl\u00edny, a na\u0161i \u00fa\u010dastn\u00edci v\u0161etko hravo zvl\u00e1dli ako je vyberanie predmetov z lav\u00f3ra nohami \u010di udicou lovi\u0165 rybi\u010dky a ka\u010dky, f\u00fakanie lopti\u010dky do cie\u013ea cez labyrint, strie\u013ean\u00ed z vodnej pi\u0161tole na ter\u010d, vyberanie vrchn\u00e1kov z vody pali\u010dkami, vyfukovanie lopti\u010diek z poh\u00e1rov, prelievan\u00ed vody do vedier \u010di lovenie pokladov. Bolo kr\u00e1sne sledova\u0165 ako ve\u013emi im z\u00e1le\u017ealo na dosiahnut\u00ed \u010do najlep\u0161ieho v\u00fdkonu. Po\u010das cel\u00e9ho podujatia n\u00e1s sprev\u00e1dzala hudba, ktor\u00e1 n\u00e1m vytv\u00e1rala pr\u00edjemn\u00fa s\u00fa\u0165a\u017eiv\u00fa atmosf\u00e9ru. Odv\u00e1\u017elivci si premerali svoje sily a schopnosti na pl\u00e1van\u00ed plaveck\u00e9ho \u0161t\u00fdlu a nemohli pri tom ch\u00fdba\u0165 ani rodi\u010dia, ktor\u00fd tak isto mali s\u00fa\u0165a\u017eiv\u00e9ho ducha. Z\u00e1verom \u201cVodn\u00fdch radost\u00ed\u201d bolo ukon\u010denie spolo\u010dn\u00fdmi s\u00fa\u0165a\u017eami det\u00ed a rodi\u010dov na \u0161\u00edrku baz\u00e9na, po\u010das ktor\u00e9ho sa nestr\u00e1cali \u00fasmevy na tv\u00e1rach.<\/span><\/p>\n<p class=\"p2\"><span class=\"s2\">Ve\u013emi pozit\u00edvne hodnot\u00edme t\u00fato udalos\u0165.<span class=\"Apple-converted-space\">\u00a0 <\/span>\u010eakujeme v\u0161etk\u00fdm za podporu a \u00fa\u010das\u0165 na \u201cVodn\u00fdch radostiach\u201d<span class=\"Apple-converted-space\">\u00a0 <\/span>ako aj A.M.R, s.r.o. za organizovanie tohto podujatia pre na\u0161e deti.<\/span><\/p>\n<p class=\"p2\"><span class=\"s2\">Na z\u00e1ver sme vyhodnotili podujatie, nikto neodch\u00e1dzal bez sladkej odmeny, diplomu a medaily za \u00faspechy aj po\u010das cel\u00e9ho roka, ka\u017ed\u00e1 mami\u010dka dostala od n\u00e1s ru\u010dne ma\u013eovan\u00fd svietnik ku d\u0148u mami\u010diek. <\/span><\/p>\n<p class=\"p2\"><span class=\"s2\">\u010eakujeme v\u0161etk\u00fdm z\u00fa\u010dastnen\u00edm za vytvorenie pozit\u00edvnej n\u00e1lady, dobrovo\u013en\u00edkom za zrealizovanie celej akcie. Ver\u00edme, \u017ee aj na bud\u00faci rok sa spolu stretneme a za\u017eijeme spolu neo\u010dak\u00e1van\u00e9 chv\u00edle.<\/span><\/p>\n<p><a href=\"https:\/\/www.bocianiky.sk\/wp-content\/uploads\/2018\/06\/Vodne\u0301-radosti-2017.pdf\" target=\"_blank\" rel=\"noopener\">Vodne\u0301 radosti 2017<\/a><\/p>\n<p><a href=\"https:\/\/www.bocianiky.sk\/wp-content\/uploads\/2018\/06\/VR-2016.pdf\" target=\"_blank\" rel=\"noopener\">Vodne\u0301 radosti 2016<\/a><\/p>\n","protected":false},"excerpt":{"rendered":"<p>Pri pr\u00edle\u017eitosti\u00a0 sviatku v\u0161etk\u00fdch det\u00ed a ukon\u010denia \u0161kolsk\u00e9ho roka 2017\/2018 t\u00edm Bocianikov u\u017e po tret\u00ed kr\u00e1t \u00faspe\u0161ne uskuto\u010dnil integr\u00e1ciou pre v\u0161etky deti a ich rodi\u010dov r\u00f4znymi s\u00fa\u0165a\u017eami podujatie s n\u00e1zvom&#8230;<\/p>\n","protected":false},"author":1,"featured_media":0,"parent":0,"menu_order":0,"comment_status":"closed","ping_status":"closed","template":"","meta":{"footnotes":""},"class_list":["post-1297","page","type-page","status-publish"],"_links":{"self":[{"href":"https:\/\/www.bocianiky.sk\/index.php?rest_route=\/wp\/v2\/pages\/1297","targetHints":{"allow":["GET"]}}],"collection":[{"href":"https:\/\/www.bocianiky.sk\/index.php?rest_route=\/wp\/v2\/pages"}],"about":[{"href":"https:\/\/www.bocianiky.sk\/index.php?rest_route=\/wp\/v2\/types\/page"}],"author":[{"embeddable":true,"href":"https:\/\/www.bocianiky.sk\/index.php?rest_route=\/wp\/v2\/users\/1"}],"replies":[{"embeddable":true,"href":"https:\/\/www.bocianiky.sk\/index.php?rest_route=%2Fwp%2Fv2%2Fcomments&post=1297"}],"version-history":[{"count":3,"href":"https:\/\/www.bocianiky.sk\/index.php?rest_route=\/wp\/v2\/pages\/1297\/revisions"}],"predecessor-version":[{"id":4184,"href":"https:\/\/www.bocianiky.sk\/index.php?rest_route=\/wp\/v2\/pages\/1297\/revisions\/4184"}],"wp:attachment":[{"href":"https:\/\/www.bocianiky.sk\/index.php?rest_route=%2Fwp%2Fv2%2Fmedia&parent=1297"}],"curies":[{"name":"wp","href":"https:\/\/api.w.org\/{rel}","templated":true}]}}