{"id":1994,"date":"2018-05-20T12:24:00","date_gmt":"2018-05-20T11:24:00","guid":{"rendered":"http:\/\/www.bocianiky.sk\/?page_id=1994"},"modified":"2023-10-15T14:32:03","modified_gmt":"2023-10-15T13:32:03","slug":"masaze","status":"publish","type":"page","link":"https:\/\/www.bocianiky.sk\/?page_id=1994","title":{"rendered":"Lie\u010debn\u00e1 mas\u00e1\u017e"},"content":{"rendered":"<p><strong>Lie<\/strong><strong>\u010debn\u00e9 \u00fa\u010dinky:\u00a0<\/strong>sa prejavuj\u00fa r\u00f4znymi zmenami ako zv\u00fd\u0161en\u00fdm prekrven\u00edm, zlep\u0161en\u00edm vstreb\u00e1vania opuchov, v\u00fdpotkov, zlep\u0161en\u00edm svalovej \u010dinnosti a jeho\u00a0v\u00fd\u017eivy, toku miazgy(lymfy), normaliz\u00e1ciou nap\u00e4tia ko\u017ee. V\u00fdsledkom t\u00fdchto zmien je potom zlep\u0161enie \u010dinnosti tkan\u00edv a n\u00e1sledn\u00fdm zn\u00ed\u017een\u00edm bolestivosti.<\/p>\n<p><strong>Trvanie mas\u00e1\u017ee:\u00a0<\/strong>z\u00e1vis\u00ed od mno\u017estva zmien na ko\u017ei, vo svale i v podko\u017enom v\u00e4zive u ka\u017ed\u00e9ho klienta je intraindividau\u00e1lne prisp\u00f4soben\u00e9 potreb\u00e1m a probl\u00e9mom\u00a0jedinca. \/d\u013a\u017eka mas\u00e1\u017ee 15, 30, 45, 60 min.\/<\/p>\n<p><strong>Vhodn<\/strong><strong>\u00e9\u00a0<\/strong><strong>pre \/indik\u00e1cie\/:\u00a0<\/strong>ochorenia pohybov\u00e9ho, nervov\u00e9ho syst\u00e9mu, stavy po \u00farazoch a oper\u00e1ci\u00e1ch na kostiach a k\u013aboch, stavy dlhodob\u00e9ho znehybnenia, svalov\u00e1 \u00fanava, rekonvalescenci<\/p>\n<p>\u00a0<\/p>\n\n\n<figure class=\"wp-block-gallery has-nested-images columns-default is-cropped wp-block-gallery-1 is-layout-flex wp-block-gallery-is-layout-flex\">\n<figure class=\"wp-block-image size-large\"><img fetchpriority=\"high\" decoding=\"async\" width=\"768\" height=\"1024\" data-id=\"4158\" src=\"https:\/\/www.bocianiky.sk\/wp-content\/uploads\/2023\/10\/IMG_7006-2-768x1024.jpg\" alt=\"\" class=\"wp-image-4158\" srcset=\"https:\/\/www.bocianiky.sk\/wp-content\/uploads\/2023\/10\/IMG_7006-2-768x1024.jpg 768w, https:\/\/www.bocianiky.sk\/wp-content\/uploads\/2023\/10\/IMG_7006-2-scaled-600x800.jpg 600w, https:\/\/www.bocianiky.sk\/wp-content\/uploads\/2023\/10\/IMG_7006-2-225x300.jpg 225w, https:\/\/www.bocianiky.sk\/wp-content\/uploads\/2023\/10\/IMG_7006-2-1152x1536.jpg 1152w, https:\/\/www.bocianiky.sk\/wp-content\/uploads\/2023\/10\/IMG_7006-2-1536x2048.jpg 1536w, https:\/\/www.bocianiky.sk\/wp-content\/uploads\/2023\/10\/IMG_7006-2-200x267.jpg 200w, https:\/\/www.bocianiky.sk\/wp-content\/uploads\/2023\/10\/IMG_7006-2-scaled.jpg 1920w\" sizes=\"(max-width: 768px) 100vw, 768px\" \/><\/figure>\n\n\n\n<figure class=\"wp-block-image size-large\"><img decoding=\"async\" width=\"768\" height=\"1024\" data-id=\"4159\" src=\"https:\/\/www.bocianiky.sk\/wp-content\/uploads\/2023\/10\/IMG_6984-2-768x1024.jpg\" alt=\"\" class=\"wp-image-4159\" srcset=\"https:\/\/www.bocianiky.sk\/wp-content\/uploads\/2023\/10\/IMG_6984-2-768x1024.jpg 768w, https:\/\/www.bocianiky.sk\/wp-content\/uploads\/2023\/10\/IMG_6984-2-scaled-600x800.jpg 600w, https:\/\/www.bocianiky.sk\/wp-content\/uploads\/2023\/10\/IMG_6984-2-225x300.jpg 225w, https:\/\/www.bocianiky.sk\/wp-content\/uploads\/2023\/10\/IMG_6984-2-1152x1536.jpg 1152w, https:\/\/www.bocianiky.sk\/wp-content\/uploads\/2023\/10\/IMG_6984-2-1536x2048.jpg 1536w, https:\/\/www.bocianiky.sk\/wp-content\/uploads\/2023\/10\/IMG_6984-2-200x267.jpg 200w, https:\/\/www.bocianiky.sk\/wp-content\/uploads\/2023\/10\/IMG_6984-2-scaled.jpg 1920w\" sizes=\"(max-width: 768px) 100vw, 768px\" \/><\/figure>\n\n\n\n<figure class=\"wp-block-image size-large\"><img decoding=\"async\" width=\"768\" height=\"1024\" data-id=\"4160\" src=\"https:\/\/www.bocianiky.sk\/wp-content\/uploads\/2023\/10\/IMG_6988-2-768x1024.jpg\" alt=\"\" class=\"wp-image-4160\" srcset=\"https:\/\/www.bocianiky.sk\/wp-content\/uploads\/2023\/10\/IMG_6988-2-768x1024.jpg 768w, https:\/\/www.bocianiky.sk\/wp-content\/uploads\/2023\/10\/IMG_6988-2-scaled-600x800.jpg 600w, https:\/\/www.bocianiky.sk\/wp-content\/uploads\/2023\/10\/IMG_6988-2-225x300.jpg 225w, https:\/\/www.bocianiky.sk\/wp-content\/uploads\/2023\/10\/IMG_6988-2-1152x1536.jpg 1152w, https:\/\/www.bocianiky.sk\/wp-content\/uploads\/2023\/10\/IMG_6988-2-1536x2048.jpg 1536w, https:\/\/www.bocianiky.sk\/wp-content\/uploads\/2023\/10\/IMG_6988-2-200x267.jpg 200w, https:\/\/www.bocianiky.sk\/wp-content\/uploads\/2023\/10\/IMG_6988-2-scaled.jpg 1920w\" sizes=\"(max-width: 768px) 100vw, 768px\" \/><\/figure>\n<\/figure>\n","protected":false},"excerpt":{"rendered":"<p>Lie\u010debn\u00e9 \u00fa\u010dinky:\u00a0sa prejavuj\u00fa r\u00f4znymi zmenami ako zv\u00fd\u0161en\u00fdm prekrven\u00edm, zlep\u0161en\u00edm vstreb\u00e1vania opuchov, v\u00fdpotkov, zlep\u0161en\u00edm svalovej \u010dinnosti a jeho\u00a0v\u00fd\u017eivy, toku miazgy(lymfy), normaliz\u00e1ciou nap\u00e4tia ko\u017ee. V\u00fdsledkom t\u00fdchto zmien je potom zlep\u0161enie \u010dinnosti tkan\u00edv&#8230;<\/p>\n","protected":false},"author":1,"featured_media":0,"parent":0,"menu_order":0,"comment_status":"closed","ping_status":"closed","template":"","meta":{"footnotes":""},"class_list":["post-1994","page","type-page","status-publish"],"_links":{"self":[{"href":"https:\/\/www.bocianiky.sk\/index.php?rest_route=\/wp\/v2\/pages\/1994","targetHints":{"allow":["GET"]}}],"collection":[{"href":"https:\/\/www.bocianiky.sk\/index.php?rest_route=\/wp\/v2\/pages"}],"about":[{"href":"https:\/\/www.bocianiky.sk\/index.php?rest_route=\/wp\/v2\/types\/page"}],"author":[{"embeddable":true,"href":"https:\/\/www.bocianiky.sk\/index.php?rest_route=\/wp\/v2\/users\/1"}],"replies":[{"embeddable":true,"href":"https:\/\/www.bocianiky.sk\/index.php?rest_route=%2Fwp%2Fv2%2Fcomments&post=1994"}],"version-history":[{"count":1,"href":"https:\/\/www.bocianiky.sk\/index.php?rest_route=\/wp\/v2\/pages\/1994\/revisions"}],"predecessor-version":[{"id":4161,"href":"https:\/\/www.bocianiky.sk\/index.php?rest_route=\/wp\/v2\/pages\/1994\/revisions\/4161"}],"wp:attachment":[{"href":"https:\/\/www.bocianiky.sk\/index.php?rest_route=%2Fwp%2Fv2%2Fmedia&parent=1994"}],"curies":[{"name":"wp","href":"https:\/\/api.w.org\/{rel}","templated":true}]}}