{"id":3828,"date":"2023-03-12T18:09:43","date_gmt":"2023-03-12T17:09:43","guid":{"rendered":"https:\/\/www.bocianiky.sk\/?page_id=3828"},"modified":"2023-10-15T14:20:04","modified_gmt":"2023-10-15T13:20:04","slug":"lymfaticka-masaz","status":"publish","type":"page","link":"https:\/\/www.bocianiky.sk\/?page_id=3828","title":{"rendered":"Lymfatick\u00e1 mas\u00e1\u017e"},"content":{"rendered":"\n<p>Je ve\u013emi jemn\u00e1 technika, ktor\u00e1 pom\u00e1ha pres\u00fava\u0165 tekutiny cez n\u00e1\u0161 lymfatick\u00fd syst\u00e9m, \u010d\u00edm zni\u017euje z\u00e1pal, odstra\u0148uje z tela tox\u00edny a odpady a posil\u0148uje n\u00e1\u0161 imunitn\u00fd syst\u00e9m. Sl\u00fa\u017ei aj na prevenciu a lie\u010dbu r\u00f4znych ochoren\u00ed (obezita, tromb\u00f3za, celulit\u00edda, akn\u00e9 , k\u0155\u010dov\u00e9 \u017eily a mnoh\u00e9 in\u00e9). Odstra\u0148uje pocit \u0165a\u017ek\u00fdch a unaven\u00fdch n\u00f4h.<\/p>\n\n\n\n<p><strong>Komu je ur\u010den\u00e1 lymfatick\u00e1 mas\u00e1\u017e?<\/strong><\/p>\n\n\n\n<p>Lymfatick\u00e1 dren\u00e1\u017e je u\u017eito\u010dn\u00e1 najm\u00e4 pre \u013eud\u00ed, ktor\u00ed maj\u00fa opuchy, absolvovali ned\u00e1vny chirurgick\u00fd z\u00e1krok alebo mali odstr\u00e1nen\u00e9 lymfatick\u00e9 uzliny pr\u00edpadne ich lymfatick\u00fd syst\u00e9m nepracuje spr\u00e1vne.&nbsp;Preto\u017ee je tak\u00e1 jemn\u00e1, lymfatick\u00e1 mas\u00e1\u017e sa m\u00f4\u017ee vykona\u0165 aj vtedy, ke\u010f by nebol vhodn\u00fd v\u00e4\u010d\u0161\u00ed tlak<\/p>\n\n\n\n<p><strong>Lymfatick\u00e1 Presoterapia<\/strong><\/p>\n\n\n\n<p>V na\u0161ich priestoroch tak\u0165ie\u017e pon\u00fakame mo\u017enos\u0165 absolvovania lymfodren\u00e1\u017enej mas\u00e1\u017ee za pomoci \u0161pecializovan\u00e9ho pr\u00edstroju. <\/p>\n\n\n\n<figure class=\"wp-block-gallery has-nested-images columns-default is-cropped wp-block-gallery-1 is-layout-flex wp-block-gallery-is-layout-flex\">\n<figure class=\"wp-block-image size-large\"><img fetchpriority=\"high\" decoding=\"async\" width=\"1024\" height=\"768\" data-id=\"4113\" src=\"https:\/\/www.bocianiky.sk\/wp-content\/uploads\/2023\/10\/IMG_6887-2-1024x768.jpg\" alt=\"\" class=\"wp-image-4113\" srcset=\"https:\/\/www.bocianiky.sk\/wp-content\/uploads\/2023\/10\/IMG_6887-2-1024x768.jpg 1024w, https:\/\/www.bocianiky.sk\/wp-content\/uploads\/2023\/10\/IMG_6887-2-scaled-600x450.jpg 600w, https:\/\/www.bocianiky.sk\/wp-content\/uploads\/2023\/10\/IMG_6887-2-300x225.jpg 300w, https:\/\/www.bocianiky.sk\/wp-content\/uploads\/2023\/10\/IMG_6887-2-768x576.jpg 768w, https:\/\/www.bocianiky.sk\/wp-content\/uploads\/2023\/10\/IMG_6887-2-1536x1152.jpg 1536w, https:\/\/www.bocianiky.sk\/wp-content\/uploads\/2023\/10\/IMG_6887-2-2048x1536.jpg 2048w, https:\/\/www.bocianiky.sk\/wp-content\/uploads\/2023\/10\/IMG_6887-2-200x150.jpg 200w\" sizes=\"(max-width: 1024px) 100vw, 1024px\" \/><\/figure>\n\n\n\n<figure class=\"wp-block-image size-large\"><img decoding=\"async\" width=\"1024\" height=\"768\" data-id=\"4147\" src=\"https:\/\/www.bocianiky.sk\/wp-content\/uploads\/2023\/10\/PHOTO-2023-10-13-10-11-46-1024x768.jpg\" alt=\"\" class=\"wp-image-4147\" srcset=\"https:\/\/www.bocianiky.sk\/wp-content\/uploads\/2023\/10\/PHOTO-2023-10-13-10-11-46-1024x768.jpg 1024w, https:\/\/www.bocianiky.sk\/wp-content\/uploads\/2023\/10\/PHOTO-2023-10-13-10-11-46-600x450.jpg 600w, https:\/\/www.bocianiky.sk\/wp-content\/uploads\/2023\/10\/PHOTO-2023-10-13-10-11-46-300x225.jpg 300w, https:\/\/www.bocianiky.sk\/wp-content\/uploads\/2023\/10\/PHOTO-2023-10-13-10-11-46-768x576.jpg 768w, https:\/\/www.bocianiky.sk\/wp-content\/uploads\/2023\/10\/PHOTO-2023-10-13-10-11-46-1536x1152.jpg 1536w, https:\/\/www.bocianiky.sk\/wp-content\/uploads\/2023\/10\/PHOTO-2023-10-13-10-11-46-200x150.jpg 200w, https:\/\/www.bocianiky.sk\/wp-content\/uploads\/2023\/10\/PHOTO-2023-10-13-10-11-46.jpg 2048w\" sizes=\"(max-width: 1024px) 100vw, 1024px\" \/><\/figure>\n\n\n\n<figure class=\"wp-block-image size-large\"><img decoding=\"async\" width=\"1024\" height=\"768\" data-id=\"4112\" src=\"https:\/\/www.bocianiky.sk\/wp-content\/uploads\/2023\/10\/IMG_6879-2-1024x768.jpg\" alt=\"\" class=\"wp-image-4112\" srcset=\"https:\/\/www.bocianiky.sk\/wp-content\/uploads\/2023\/10\/IMG_6879-2-1024x768.jpg 1024w, https:\/\/www.bocianiky.sk\/wp-content\/uploads\/2023\/10\/IMG_6879-2-scaled-600x450.jpg 600w, https:\/\/www.bocianiky.sk\/wp-content\/uploads\/2023\/10\/IMG_6879-2-300x225.jpg 300w, https:\/\/www.bocianiky.sk\/wp-content\/uploads\/2023\/10\/IMG_6879-2-768x576.jpg 768w, https:\/\/www.bocianiky.sk\/wp-content\/uploads\/2023\/10\/IMG_6879-2-1536x1152.jpg 1536w, https:\/\/www.bocianiky.sk\/wp-content\/uploads\/2023\/10\/IMG_6879-2-2048x1536.jpg 2048w, https:\/\/www.bocianiky.sk\/wp-content\/uploads\/2023\/10\/IMG_6879-2-200x150.jpg 200w\" sizes=\"(max-width: 1024px) 100vw, 1024px\" \/><\/figure>\n<\/figure>\n","protected":false},"excerpt":{"rendered":"<p>Je ve\u013emi jemn\u00e1 technika, ktor\u00e1 pom\u00e1ha pres\u00fava\u0165 tekutiny cez n\u00e1\u0161 lymfatick\u00fd syst\u00e9m, \u010d\u00edm zni\u017euje z\u00e1pal, odstra\u0148uje z tela tox\u00edny a odpady a posil\u0148uje n\u00e1\u0161 imunitn\u00fd syst\u00e9m. Sl\u00fa\u017ei aj na prevenciu&#8230;<\/p>\n","protected":false},"author":1,"featured_media":0,"parent":0,"menu_order":0,"comment_status":"closed","ping_status":"closed","template":"","meta":{"footnotes":""},"class_list":["post-3828","page","type-page","status-publish"],"_links":{"self":[{"href":"https:\/\/www.bocianiky.sk\/index.php?rest_route=\/wp\/v2\/pages\/3828","targetHints":{"allow":["GET"]}}],"collection":[{"href":"https:\/\/www.bocianiky.sk\/index.php?rest_route=\/wp\/v2\/pages"}],"about":[{"href":"https:\/\/www.bocianiky.sk\/index.php?rest_route=\/wp\/v2\/types\/page"}],"author":[{"embeddable":true,"href":"https:\/\/www.bocianiky.sk\/index.php?rest_route=\/wp\/v2\/users\/1"}],"replies":[{"embeddable":true,"href":"https:\/\/www.bocianiky.sk\/index.php?rest_route=%2Fwp%2Fv2%2Fcomments&post=3828"}],"version-history":[{"count":2,"href":"https:\/\/www.bocianiky.sk\/index.php?rest_route=\/wp\/v2\/pages\/3828\/revisions"}],"predecessor-version":[{"id":4148,"href":"https:\/\/www.bocianiky.sk\/index.php?rest_route=\/wp\/v2\/pages\/3828\/revisions\/4148"}],"wp:attachment":[{"href":"https:\/\/www.bocianiky.sk\/index.php?rest_route=%2Fwp%2Fv2%2Fmedia&parent=3828"}],"curies":[{"name":"wp","href":"https:\/\/api.w.org\/{rel}","templated":true}]}}