{"id":4046,"date":"2023-08-29T12:48:21","date_gmt":"2023-08-29T11:48:21","guid":{"rendered":"https:\/\/www.bocianiky.sk\/?page_id=4046"},"modified":"2023-10-08T16:12:53","modified_gmt":"2023-10-08T15:12:53","slug":"skupinove-cvicenie","status":"publish","type":"page","link":"https:\/\/www.bocianiky.sk\/?page_id=4046","title":{"rendered":"Skupinov\u00e9 cvi\u010denie"},"content":{"rendered":"[vc_row type=&#8220;in_container&#8220; full_screen_row_position=&#8220;middle&#8220; column_margin=&#8220;default&#8220; column_direction=&#8220;default&#8220; column_direction_tablet=&#8220;default&#8220; column_direction_phone=&#8220;default&#8220; scene_position=&#8220;center&#8220; text_color=&#8220;dark&#8220; text_align=&#8220;left&#8220; row_border_radius=&#8220;none&#8220; row_border_radius_applies=&#8220;bg&#8220; overflow=&#8220;visible&#8220; overlay_strength=&#8220;0.3&#8243; gradient_direction=&#8220;left_to_right&#8220; shape_divider_position=&#8220;bottom&#8220; bg_image_animation=&#8220;none&#8220;][vc_column column_padding=&#8220;no-extra-padding&#8220; column_padding_tablet=&#8220;inherit&#8220; column_padding_phone=&#8220;inherit&#8220; column_padding_position=&#8220;all&#8220; column_element_spacing=&#8220;default&#8220; background_color_opacity=&#8220;1&#8243; background_hover_color_opacity=&#8220;1&#8243; column_shadow=&#8220;none&#8220; column_border_radius=&#8220;none&#8220; column_link_target=&#8220;_self&#8220; column_position=&#8220;default&#8220; gradient_direction=&#8220;left_to_right&#8220; overlay_strength=&#8220;0.3&#8243; width=&#8220;1\/1&#8243; tablet_width_inherit=&#8220;default&#8220; tablet_text_alignment=&#8220;default&#8220; phone_text_alignment=&#8220;default&#8220; animation_type=&#8220;default&#8220; bg_image_animation=&#8220;none&#8220; border_type=&#8220;simple&#8220; column_border_width=&#8220;none&#8220; column_border_style=&#8220;solid&#8220;][vc_column_text]\r\n<h4 class=\"wp-block-heading\">\u00a0<\/h4>\r\n<h4 class=\"wp-block-heading\"><strong>V r\u00e1mci na\u0161ich priestorov pon\u00fakame nieko\u013eko r\u00f4znych typov skupinov\u00e9ho cvi\u010denia<\/strong><\/h4>\r\n\r\n\r\n\r\n<p><strong>\u0160ikovn\u00e9 n\u00f4\u017eky &#8211;<\/strong> cie\u013eom tohto kurzu je zlep\u0161enie stability, sily a koordin\u00e1cie n\u00f4ch vyu\u017e\u00edvan\u00edm r\u00f4znych pom\u00f4cok a nestabiln\u00fdch plo\u0161\u00edn.<\/p>\r\n\r\n<p><strong>Vystret\u00fd chrb\u00e1tik &#8211;<\/strong> cvi\u010denie je zameran\u00e9 na posilnenie cel\u00e9ho svalov\u00e9ho korzetu, zlep\u0161enie dr\u017eanie tela.<\/p>\r\n\r\n<p><strong>Bouldering (horolezeck\u00e1 stena) &#8211;<\/strong> hlavn\u00fdm cie\u013eom tohto kurzu je aby deti nadobudli silu a odvahu na vylezenie r\u00f4znych ciest na na\u0161ej boalderovej stene. Okrem lezenia sa budeme zameriava\u0165 na posil\u0148ovanie \u00fachopu, chrb\u00e1tu a n\u00f4h.<\/p>\r\n\r\n<p><strong>Sil\u00e1ci (posilov\u0148a) &#8211;<\/strong> ako u\u017e n\u00e1zov prezr\u00e1dza v tomto kurze budeme cvi\u010di\u0165 prim\u00e1rne na posilovac\u00edch strojoch, s \u010dinkami cel\u00e9 telo a pre star\u0161\u00edch m\u00e1me mo\u017enos\u0165 banchpressu, deadliftu.<\/p>\r\n\r\n<p><strong>Cvi\u010denie vlastn\u00fdm telom &#8211; <\/strong>cie\u013eom tohto kurzu bude posilnenie cel\u00e9ho tela len za pomoci vyu\u017e\u00edvania svojej vlastnej v\u00e1hy<\/p>\r\n\r\n<p><strong>Gymnastick\u00e9 z\u00e1klady &#8211;<\/strong> v tomto kurze budeme deti u\u010di\u0165 ako spr\u00e1vne posilni\u0165 svoje telo aby zvl\u00e1dli v\u0161etky z\u00e1kladne gymnastick\u00e9 prvy (kot\u00fa\u013e letmo, stojky, premety, cviky na kruhoch, \u0161plh na lane)<\/p>\r\n\r\n<p><strong>Pilates pre deti &#8211;<\/strong> cvi\u010denie je zameran\u00e9 na posilnenie svalov cel\u00e9ho tela, hlavne hlbok\u00fdch svalov bru\u0161n\u00fdch, chrbtov\u00fdch a svalov panvov\u00e9ho dna. T\u00fdm, \u017ee met\u00f3da kladie d\u00f4raz na spevnenie hlbok\u00fdch bru\u0161n\u00fdch svalov ako opory pre chrbticu, je chrbtica menej nam\u00e1han\u00e1.<\/p>\r\n\r\n\r\n\r\n<div class=\"wp-block-columns is-layout-flex wp-container-core-columns-is-layout-9d6595d7 wp-block-columns-is-layout-flex\">\r\n<div class=\"wp-block-column is-layout-flow wp-block-column-is-layout-flow\" style=\"flex-basis: 100%;\">\r\n<figure class=\"wp-block-gallery has-nested-images columns-default is-cropped wp-block-gallery-1 is-layout-flex wp-block-gallery-is-layout-flex\">\r\n<figure class=\"wp-block-image size-large\"><img fetchpriority=\"high\" decoding=\"async\" width=\"1024\" height=\"768\" data-id=\"4083\" class=\"wp-image-4083\" src=\"https:\/\/www.bocianiky.sk\/wp-content\/uploads\/2023\/10\/IMG_5722-1-1024x768.jpg\" alt=\"\" srcset=\"https:\/\/www.bocianiky.sk\/wp-content\/uploads\/2023\/10\/IMG_5722-1-1024x768.jpg 1024w, https:\/\/www.bocianiky.sk\/wp-content\/uploads\/2023\/10\/IMG_5722-1-scaled-600x450.jpg 600w, https:\/\/www.bocianiky.sk\/wp-content\/uploads\/2023\/10\/IMG_5722-1-300x225.jpg 300w, https:\/\/www.bocianiky.sk\/wp-content\/uploads\/2023\/10\/IMG_5722-1-768x576.jpg 768w, https:\/\/www.bocianiky.sk\/wp-content\/uploads\/2023\/10\/IMG_5722-1-1536x1152.jpg 1536w, https:\/\/www.bocianiky.sk\/wp-content\/uploads\/2023\/10\/IMG_5722-1-2048x1536.jpg 2048w, https:\/\/www.bocianiky.sk\/wp-content\/uploads\/2023\/10\/IMG_5722-1-200x150.jpg 200w\" sizes=\"(max-width: 1024px) 100vw, 1024px\" \/><\/figure>\r\n\r\n\r\n\r\n<figure class=\"wp-block-image size-large\"><img decoding=\"async\" width=\"1024\" height=\"768\" data-id=\"4098\" class=\"wp-image-4098\" src=\"https:\/\/www.bocianiky.sk\/wp-content\/uploads\/2023\/10\/PHOTO-2023-09-02-15-00-01-7-1.jpg\" alt=\"\" srcset=\"https:\/\/www.bocianiky.sk\/wp-content\/uploads\/2023\/10\/PHOTO-2023-09-02-15-00-01-7-1.jpg 1024w, https:\/\/www.bocianiky.sk\/wp-content\/uploads\/2023\/10\/PHOTO-2023-09-02-15-00-01-7-1-600x450.jpg 600w, https:\/\/www.bocianiky.sk\/wp-content\/uploads\/2023\/10\/PHOTO-2023-09-02-15-00-01-7-1-300x225.jpg 300w, https:\/\/www.bocianiky.sk\/wp-content\/uploads\/2023\/10\/PHOTO-2023-09-02-15-00-01-7-1-768x576.jpg 768w, https:\/\/www.bocianiky.sk\/wp-content\/uploads\/2023\/10\/PHOTO-2023-09-02-15-00-01-7-1-200x150.jpg 200w\" sizes=\"(max-width: 1024px) 100vw, 1024px\" \/><\/figure>\r\n\r\n\r\n\r\n<figure class=\"wp-block-image size-large\"><img decoding=\"async\" width=\"1024\" height=\"768\" data-id=\"4108\" class=\"wp-image-4108\" src=\"https:\/\/www.bocianiky.sk\/wp-content\/uploads\/2023\/10\/IMG_1839-1024x768.jpg\" alt=\"\" srcset=\"https:\/\/www.bocianiky.sk\/wp-content\/uploads\/2023\/10\/IMG_1839-1024x768.jpg 1024w, https:\/\/www.bocianiky.sk\/wp-content\/uploads\/2023\/10\/IMG_1839-scaled-600x450.jpg 600w, https:\/\/www.bocianiky.sk\/wp-content\/uploads\/2023\/10\/IMG_1839-300x225.jpg 300w, https:\/\/www.bocianiky.sk\/wp-content\/uploads\/2023\/10\/IMG_1839-768x576.jpg 768w, https:\/\/www.bocianiky.sk\/wp-content\/uploads\/2023\/10\/IMG_1839-1536x1152.jpg 1536w, https:\/\/www.bocianiky.sk\/wp-content\/uploads\/2023\/10\/IMG_1839-2048x1536.jpg 2048w, https:\/\/www.bocianiky.sk\/wp-content\/uploads\/2023\/10\/IMG_1839-200x150.jpg 200w\" sizes=\"(max-width: 1024px) 100vw, 1024px\" \/><\/figure>\r\n\r\n\r\n\r\n<figure class=\"wp-block-image size-large\"><img loading=\"lazy\" decoding=\"async\" width=\"1024\" height=\"768\" data-id=\"4089\" class=\"wp-image-4089\" src=\"https:\/\/www.bocianiky.sk\/wp-content\/uploads\/2023\/10\/IMG_0721-1024x768.jpg\" alt=\"\" srcset=\"https:\/\/www.bocianiky.sk\/wp-content\/uploads\/2023\/10\/IMG_0721-1024x768.jpg 1024w, https:\/\/www.bocianiky.sk\/wp-content\/uploads\/2023\/10\/IMG_0721-scaled-600x450.jpg 600w, https:\/\/www.bocianiky.sk\/wp-content\/uploads\/2023\/10\/IMG_0721-300x225.jpg 300w, https:\/\/www.bocianiky.sk\/wp-content\/uploads\/2023\/10\/IMG_0721-768x576.jpg 768w, https:\/\/www.bocianiky.sk\/wp-content\/uploads\/2023\/10\/IMG_0721-1536x1152.jpg 1536w, https:\/\/www.bocianiky.sk\/wp-content\/uploads\/2023\/10\/IMG_0721-2048x1536.jpg 2048w, https:\/\/www.bocianiky.sk\/wp-content\/uploads\/2023\/10\/IMG_0721-200x150.jpg 200w\" sizes=\"(max-width: 1024px) 100vw, 1024px\" \/><\/figure>\r\n\r\n\r\n\r\n<figure class=\"wp-block-image size-large\"><img loading=\"lazy\" decoding=\"async\" width=\"1024\" height=\"768\" data-id=\"4106\" class=\"wp-image-4106\" src=\"https:\/\/www.bocianiky.sk\/wp-content\/uploads\/2023\/10\/IMG_6620-2-1024x768.jpg\" alt=\"\" srcset=\"https:\/\/www.bocianiky.sk\/wp-content\/uploads\/2023\/10\/IMG_6620-2-1024x768.jpg 1024w, https:\/\/www.bocianiky.sk\/wp-content\/uploads\/2023\/10\/IMG_6620-2-scaled-600x450.jpg 600w, https:\/\/www.bocianiky.sk\/wp-content\/uploads\/2023\/10\/IMG_6620-2-300x225.jpg 300w, https:\/\/www.bocianiky.sk\/wp-content\/uploads\/2023\/10\/IMG_6620-2-768x576.jpg 768w, https:\/\/www.bocianiky.sk\/wp-content\/uploads\/2023\/10\/IMG_6620-2-1536x1152.jpg 1536w, https:\/\/www.bocianiky.sk\/wp-content\/uploads\/2023\/10\/IMG_6620-2-2048x1536.jpg 2048w, https:\/\/www.bocianiky.sk\/wp-content\/uploads\/2023\/10\/IMG_6620-2-200x150.jpg 200w\" sizes=\"(max-width: 1024px) 100vw, 1024px\" \/><\/figure>\r\n<\/figure>\r\n<\/div>\r\n<\/div>\r\n\r\n\r\n\r\n<figure class=\"wp-block-gallery has-nested-images columns-default is-cropped wp-block-gallery-2 is-layout-flex wp-block-gallery-is-layout-flex\"><\/figure>\r\n\r\n<p>&nbsp;<\/p>\r\n[\/vc_column_text][\/vc_column][\/vc_row]","protected":false},"excerpt":{"rendered":"<p>[vc_row type=&#8220;in_container&#8220; full_screen_row_position=&#8220;middle&#8220; column_margin=&#8220;default&#8220; column_direction=&#8220;default&#8220; column_direction_tablet=&#8220;default&#8220; column_direction_phone=&#8220;default&#8220; scene_position=&#8220;center&#8220; text_color=&#8220;dark&#8220; text_align=&#8220;left&#8220; row_border_radius=&#8220;none&#8220; row_border_radius_applies=&#8220;bg&#8220; overflow=&#8220;visible&#8220; overlay_strength=&#8220;0.3&#8243; gradient_direction=&#8220;left_to_right&#8220; shape_divider_position=&#8220;bottom&#8220; bg_image_animation=&#8220;none&#8220;][vc_column column_padding=&#8220;no-extra-padding&#8220; column_padding_tablet=&#8220;inherit&#8220; column_padding_phone=&#8220;inherit&#8220; column_padding_position=&#8220;all&#8220; column_element_spacing=&#8220;default&#8220; background_color_opacity=&#8220;1&#8243; background_hover_color_opacity=&#8220;1&#8243; column_shadow=&#8220;none&#8220; column_border_radius=&#8220;none&#8220; column_link_target=&#8220;_self&#8220; column_position=&#8220;default&#8220; gradient_direction=&#8220;left_to_right&#8220; overlay_strength=&#8220;0.3&#8243;&#8230;<\/p>\n","protected":false},"author":1,"featured_media":0,"parent":0,"menu_order":0,"comment_status":"closed","ping_status":"closed","template":"","meta":{"footnotes":""},"class_list":["post-4046","page","type-page","status-publish"],"_links":{"self":[{"href":"https:\/\/www.bocianiky.sk\/index.php?rest_route=\/wp\/v2\/pages\/4046","targetHints":{"allow":["GET"]}}],"collection":[{"href":"https:\/\/www.bocianiky.sk\/index.php?rest_route=\/wp\/v2\/pages"}],"about":[{"href":"https:\/\/www.bocianiky.sk\/index.php?rest_route=\/wp\/v2\/types\/page"}],"author":[{"embeddable":true,"href":"https:\/\/www.bocianiky.sk\/index.php?rest_route=\/wp\/v2\/users\/1"}],"replies":[{"embeddable":true,"href":"https:\/\/www.bocianiky.sk\/index.php?rest_route=%2Fwp%2Fv2%2Fcomments&post=4046"}],"version-history":[{"count":17,"href":"https:\/\/www.bocianiky.sk\/index.php?rest_route=\/wp\/v2\/pages\/4046\/revisions"}],"predecessor-version":[{"id":4131,"href":"https:\/\/www.bocianiky.sk\/index.php?rest_route=\/wp\/v2\/pages\/4046\/revisions\/4131"}],"wp:attachment":[{"href":"https:\/\/www.bocianiky.sk\/index.php?rest_route=%2Fwp%2Fv2%2Fmedia&parent=4046"}],"curies":[{"name":"wp","href":"https:\/\/api.w.org\/{rel}","templated":true}]}}