{"id":4116,"date":"2023-10-08T16:06:45","date_gmt":"2023-10-08T15:06:45","guid":{"rendered":"https:\/\/www.bocianiky.sk\/?page_id=4116"},"modified":"2025-08-21T19:14:55","modified_gmt":"2025-08-21T18:14:55","slug":"kurz-keramiky","status":"publish","type":"page","link":"https:\/\/www.bocianiky.sk\/?page_id=4116","title":{"rendered":"Kurz keramiky"},"content":{"rendered":"[vc_row type=&#8220;in_container&#8220; full_screen_row_position=&#8220;middle&#8220; column_margin=&#8220;default&#8220; column_direction=&#8220;default&#8220; column_direction_tablet=&#8220;default&#8220; column_direction_phone=&#8220;default&#8220; scene_position=&#8220;center&#8220; text_color=&#8220;dark&#8220; text_align=&#8220;left&#8220; row_border_radius=&#8220;none&#8220; row_border_radius_applies=&#8220;bg&#8220; overflow=&#8220;visible&#8220; overlay_strength=&#8220;0.3&#8243; gradient_direction=&#8220;left_to_right&#8220; shape_divider_position=&#8220;bottom&#8220; bg_image_animation=&#8220;none&#8220;][vc_column column_padding=&#8220;no-extra-padding&#8220; column_padding_tablet=&#8220;inherit&#8220; column_padding_phone=&#8220;inherit&#8220; column_padding_position=&#8220;all&#8220; column_element_spacing=&#8220;default&#8220; background_color_opacity=&#8220;1&#8243; background_hover_color_opacity=&#8220;1&#8243; column_shadow=&#8220;none&#8220; column_border_radius=&#8220;none&#8220; column_link_target=&#8220;_self&#8220; column_position=&#8220;default&#8220; gradient_direction=&#8220;left_to_right&#8220; overlay_strength=&#8220;0.3&#8243; width=&#8220;1\/1&#8243; tablet_width_inherit=&#8220;default&#8220; tablet_text_alignment=&#8220;default&#8220; phone_text_alignment=&#8220;default&#8220; animation_type=&#8220;default&#8220; bg_image_animation=&#8220;none&#8220; border_type=&#8220;simple&#8220; column_border_width=&#8220;none&#8220; column_border_style=&#8220;solid&#8220;][vc_column_text]&nbsp;<\/p>\n<p><strong>Tvoriv\u00fd kurz keramiky<\/strong><\/p>\n<p>Pripravili sme pre V\u00e1s kurzy keramiky, na ktorom spozn\u00e1te vlastnosti hliny, pr\u00e1ce s \u0148ou, vysk\u00fa\u0161ate si svoje schopnosti, zru\u010dnosti a pom\u00f4\u017eeme V\u00e1m ich rozv\u00edja\u0165. Modelovan\u00edm z hliny budeme vytv\u00e1ra\u0165 r\u00f4zne \u00fa\u017eitkov\u00e9 a dekora\u010dn\u00e9 dielka(vlastn\u00e9 veci\u010dky), ktor\u00e9 pote\u0161ia nielen V\u00e1s ale aj Va\u0161ich bl\u00edzkych \u010di priate\u013eov, ktor\u00fdm m\u00f4\u017eete vytvori\u0165 origin\u00e1lne dar\u010deky. Sami poc\u00edtite na sebe rados\u0165 z dosiahnut\u00fdch v\u00fdsledkov.<\/p>\n\n<ul>\n<li>Aktu\u00e1lne september 2025 je otvoren\u00fd kurz \u00a0ka\u017ed\u00fd \u0161tvrtok a piatok v \u010dase od 16.00 h do 18.00 h<\/li>\n<\/ul>\n<p><strong>Cena : 10 EUR\/hod<\/strong><\/p>\n<figure class=\"wp-block-gallery has-nested-images columns-default is-cropped\">\n<figure class=\"wp-block-image size-large\">\n<figure class=\"wp-block-image size-large\"><\/figure>\n<\/figure>\n<figure class=\"wp-block-image size-large\">\n<figure class=\"wp-block-image size-large\"><\/figure>\n<\/figure>\n<\/figure>\n<p>V pr\u00edde z\u00e1ujmu N\u00e1s nev\u00e1hajte kontaktova\u0165 na bocianiky@gmail.com<\/p>\n<br \/>\n[\/vc_column_text][\/vc_column][\/vc_row][vc_row type=&#8220;in_container&#8220; full_screen_row_position=&#8220;middle&#8220; column_margin=&#8220;default&#8220; column_direction=&#8220;default&#8220; column_direction_tablet=&#8220;default&#8220; column_direction_phone=&#8220;default&#8220; scene_position=&#8220;center&#8220; text_color=&#8220;dark&#8220; text_align=&#8220;left&#8220; row_border_radius=&#8220;none&#8220; row_border_radius_applies=&#8220;bg&#8220; overflow=&#8220;visible&#8220; overlay_strength=&#8220;0.3&#8243; gradient_direction=&#8220;left_to_right&#8220; shape_divider_position=&#8220;bottom&#8220; bg_image_animation=&#8220;none&#8220;][vc_column column_padding=&#8220;no-extra-padding&#8220; column_padding_tablet=&#8220;inherit&#8220; column_padding_phone=&#8220;inherit&#8220; column_padding_position=&#8220;all&#8220; column_element_spacing=&#8220;default&#8220; background_color_opacity=&#8220;1&#8243; background_hover_color_opacity=&#8220;1&#8243; column_shadow=&#8220;none&#8220; column_border_radius=&#8220;none&#8220; column_link_target=&#8220;_self&#8220; column_position=&#8220;default&#8220; gradient_direction=&#8220;left_to_right&#8220; overlay_strength=&#8220;0.3&#8243; width=&#8220;1\/1&#8243; tablet_width_inherit=&#8220;default&#8220; tablet_text_alignment=&#8220;default&#8220; phone_text_alignment=&#8220;default&#8220; animation_type=&#8220;default&#8220; bg_image_animation=&#8220;none&#8220; border_type=&#8220;simple&#8220; column_border_width=&#8220;none&#8220; column_border_style=&#8220;solid&#8220;][vc_gallery type=&#8220;flickity_static_height_style&#8220; images=&#8220;4432,4488,4489,4490,4491,4492&#8243; flickity_spacing=&#8220;10px&#8220; flickity_controls=&#8220;pagination&#8220; flickity_overflow=&#8220;hidden&#8220; flickity_wrap_around=&#8220;wrap&#8220; flickity_box_shadow=&#8220;none&#8220; image_loading=&#8220;default&#8220; onclick=&#8220;link_image&#8220;][\/vc_column][\/vc_row]\n","protected":false},"excerpt":{"rendered":"<p>[vc_row type=&#8220;in_container&#8220; full_screen_row_position=&#8220;middle&#8220; column_margin=&#8220;default&#8220; column_direction=&#8220;default&#8220; column_direction_tablet=&#8220;default&#8220; column_direction_phone=&#8220;default&#8220; scene_position=&#8220;center&#8220; text_color=&#8220;dark&#8220; text_align=&#8220;left&#8220; row_border_radius=&#8220;none&#8220; row_border_radius_applies=&#8220;bg&#8220; overflow=&#8220;visible&#8220; overlay_strength=&#8220;0.3&#8243; gradient_direction=&#8220;left_to_right&#8220; shape_divider_position=&#8220;bottom&#8220; bg_image_animation=&#8220;none&#8220;][vc_column column_padding=&#8220;no-extra-padding&#8220; column_padding_tablet=&#8220;inherit&#8220; column_padding_phone=&#8220;inherit&#8220; column_padding_position=&#8220;all&#8220; column_element_spacing=&#8220;default&#8220; background_color_opacity=&#8220;1&#8243; background_hover_color_opacity=&#8220;1&#8243; column_shadow=&#8220;none&#8220; column_border_radius=&#8220;none&#8220; column_link_target=&#8220;_self&#8220; column_position=&#8220;default&#8220; gradient_direction=&#8220;left_to_right&#8220; overlay_strength=&#8220;0.3&#8243;&#8230;<\/p>\n","protected":false},"author":1,"featured_media":0,"parent":0,"menu_order":0,"comment_status":"closed","ping_status":"closed","template":"","meta":{"footnotes":""},"class_list":["post-4116","page","type-page","status-publish"],"_links":{"self":[{"href":"https:\/\/www.bocianiky.sk\/index.php?rest_route=\/wp\/v2\/pages\/4116","targetHints":{"allow":["GET"]}}],"collection":[{"href":"https:\/\/www.bocianiky.sk\/index.php?rest_route=\/wp\/v2\/pages"}],"about":[{"href":"https:\/\/www.bocianiky.sk\/index.php?rest_route=\/wp\/v2\/types\/page"}],"author":[{"embeddable":true,"href":"https:\/\/www.bocianiky.sk\/index.php?rest_route=\/wp\/v2\/users\/1"}],"replies":[{"embeddable":true,"href":"https:\/\/www.bocianiky.sk\/index.php?rest_route=%2Fwp%2Fv2%2Fcomments&post=4116"}],"version-history":[{"count":26,"href":"https:\/\/www.bocianiky.sk\/index.php?rest_route=\/wp\/v2\/pages\/4116\/revisions"}],"predecessor-version":[{"id":4493,"href":"https:\/\/www.bocianiky.sk\/index.php?rest_route=\/wp\/v2\/pages\/4116\/revisions\/4493"}],"wp:attachment":[{"href":"https:\/\/www.bocianiky.sk\/index.php?rest_route=%2Fwp%2Fv2%2Fmedia&parent=4116"}],"curies":[{"name":"wp","href":"https:\/\/api.w.org\/{rel}","templated":true}]}}