{"id":4189,"date":"2024-01-09T08:23:30","date_gmt":"2024-01-09T07:23:30","guid":{"rendered":"https:\/\/www.bocianiky.sk\/?page_id=4189"},"modified":"2025-08-17T18:02:18","modified_gmt":"2025-08-17T17:02:18","slug":"projekty-2","status":"publish","type":"page","link":"https:\/\/www.bocianiky.sk\/?page_id=4189","title":{"rendered":"Projekty"},"content":{"rendered":"[vc_row type=&#8220;in_container&#8220; full_screen_row_position=&#8220;middle&#8220; column_margin=&#8220;default&#8220; column_direction=&#8220;default&#8220; column_direction_tablet=&#8220;default&#8220; column_direction_phone=&#8220;default&#8220; scene_position=&#8220;center&#8220; text_color=&#8220;dark&#8220; text_align=&#8220;left&#8220; row_border_radius=&#8220;none&#8220; row_border_radius_applies=&#8220;bg&#8220; overflow=&#8220;visible&#8220; overlay_strength=&#8220;0.3&#8243; gradient_direction=&#8220;left_to_right&#8220; shape_divider_position=&#8220;bottom&#8220; bg_image_animation=&#8220;none&#8220;][vc_column column_padding=&#8220;no-extra-padding&#8220; column_padding_tablet=&#8220;inherit&#8220; column_padding_phone=&#8220;inherit&#8220; column_padding_position=&#8220;all&#8220; column_element_spacing=&#8220;default&#8220; background_color_opacity=&#8220;1&#8243; background_hover_color_opacity=&#8220;1&#8243; column_shadow=&#8220;none&#8220; column_border_radius=&#8220;none&#8220; column_link_target=&#8220;_self&#8220; column_position=&#8220;default&#8220; gradient_direction=&#8220;left_to_right&#8220; overlay_strength=&#8220;0.3&#8243; width=&#8220;1\/1&#8243; tablet_width_inherit=&#8220;default&#8220; tablet_text_alignment=&#8220;default&#8220; phone_text_alignment=&#8220;default&#8220; animation_type=&#8220;default&#8220; bg_image_animation=&#8220;none&#8220; border_type=&#8220;simple&#8220; column_border_width=&#8220;none&#8220; column_border_style=&#8220;solid&#8220;][vc_column_text]\n\n\n<p>&nbsp;<\/p>\n<p>&nbsp;<\/p>\n<p><img fetchpriority=\"high\" decoding=\"async\" width=\"1024\" height=\"415\" class=\"wp-image-4176\" style=\"width: 378px; height: auto;\" src=\"https:\/\/www.bocianiky.sk\/wp-content\/uploads\/2023\/10\/Logotyp_horizontal_1-1024x415.jpg\" alt=\"\" srcset=\"https:\/\/www.bocianiky.sk\/wp-content\/uploads\/2023\/10\/Logotyp_horizontal_1-1024x415.jpg 1024w, https:\/\/www.bocianiky.sk\/wp-content\/uploads\/2023\/10\/Logotyp_horizontal_1-600x243.jpg 600w, https:\/\/www.bocianiky.sk\/wp-content\/uploads\/2023\/10\/Logotyp_horizontal_1-300x122.jpg 300w, https:\/\/www.bocianiky.sk\/wp-content\/uploads\/2023\/10\/Logotyp_horizontal_1-768x311.jpg 768w, https:\/\/www.bocianiky.sk\/wp-content\/uploads\/2023\/10\/Logotyp_horizontal_1-200x81.jpg 200w, https:\/\/www.bocianiky.sk\/wp-content\/uploads\/2023\/10\/Logotyp_horizontal_1.jpg 1460w\" sizes=\"(max-width: 1024px) 100vw, 1024px\" \/><\/p>\n<p>V roku 2025 sme realizovali projekt dielni\u010dky. Tento projekt sme mohli uskuto\u010dni\u0165 s podporou Mestsk\u00e1 \u010das\u0165 Bratislava \u2013 Petr\u017ealka, a t\u00fdmto vyslovujeme \u00faprimn\u00e9 po\u010fakovanie za ich dot\u00e1ciu.<\/p>\n<p>&nbsp;<\/p>\n<p>V roku 2013 \u2013 2017 sme realizovali projekty pre podporu hendikepovan\u00fdch ob\u010danov a ich integr\u00e1ciu do spolo\u010dnosti. Tieto projekty sme mohli uskuto\u010dni\u0165 s podporou Transpetrol a.s. a t\u00fdmto vyslovujeme \u00faprimn\u00e9 po\u010fakovanie za ich finan\u010dn\u00fd dar<\/p>\n<br \/>\n<figure class=\"wp-block-image is-resized\"><img decoding=\"async\" width=\"1024\" height=\"200\" class=\"wp-image-3857\" style=\"width: 646px; height: auto;\" src=\"https:\/\/www.bocianiky.sk\/wp-content\/uploads\/2023\/03\/5fa1e44ae5f6ef4f36bdbc14_transpetrol-logo-zelene@3x-1-1024x200.png\" alt=\"\" srcset=\"https:\/\/www.bocianiky.sk\/wp-content\/uploads\/2023\/03\/5fa1e44ae5f6ef4f36bdbc14_transpetrol-logo-zelene@3x-1-1024x200.png 1024w, https:\/\/www.bocianiky.sk\/wp-content\/uploads\/2023\/03\/5fa1e44ae5f6ef4f36bdbc14_transpetrol-logo-zelene@3x-1-600x117.png 600w, https:\/\/www.bocianiky.sk\/wp-content\/uploads\/2023\/03\/5fa1e44ae5f6ef4f36bdbc14_transpetrol-logo-zelene@3x-1-300x59.png 300w, https:\/\/www.bocianiky.sk\/wp-content\/uploads\/2023\/03\/5fa1e44ae5f6ef4f36bdbc14_transpetrol-logo-zelene@3x-1-768x150.png 768w, https:\/\/www.bocianiky.sk\/wp-content\/uploads\/2023\/03\/5fa1e44ae5f6ef4f36bdbc14_transpetrol-logo-zelene@3x-1.png 1536w\" sizes=\"(max-width: 1024px) 100vw, 1024px\" \/><\/figure>\n\n<p>V roku 2020-2023 sme realizovali projekty pre podporu handikepovan\u00fdch ob\u010danov a ich integr\u00e1ciu do spolo\u010dnosti. Tieto projekty sme mohli uskuto\u010dni\u0165 s podporou O2 slovakia , a t\u00fdmto vyslovujeme \u00faprimn\u00e9 po\u010fakovanie za ich finan\u010dn\u00fd dar<\/p>\n<br \/>\n<figure class=\"wp-block-image is-resized\"><img decoding=\"async\" width=\"1024\" height=\"989\" class=\"wp-image-3858\" style=\"width: 130px; height: auto;\" src=\"https:\/\/www.bocianiky.sk\/wp-content\/uploads\/2023\/03\/1200px-O2-Logo.svg_-1-1024x989.png\" alt=\"\" srcset=\"https:\/\/www.bocianiky.sk\/wp-content\/uploads\/2023\/03\/1200px-O2-Logo.svg_-1-1024x989.png 1024w, https:\/\/www.bocianiky.sk\/wp-content\/uploads\/2023\/03\/1200px-O2-Logo.svg_-1-600x580.png 600w, https:\/\/www.bocianiky.sk\/wp-content\/uploads\/2023\/03\/1200px-O2-Logo.svg_-1-300x290.png 300w, https:\/\/www.bocianiky.sk\/wp-content\/uploads\/2023\/03\/1200px-O2-Logo.svg_-1-768x742.png 768w, https:\/\/www.bocianiky.sk\/wp-content\/uploads\/2023\/03\/1200px-O2-Logo.svg_-1.png 1200w\" sizes=\"(max-width: 1024px) 100vw, 1024px\" \/><\/figure>\n\n<p>Webotomy s.r.o. , Slovensk\u00e1 elektriza\u010dn\u00e1 prenosov\u00e1 s\u00fastva a.s. , V\u00fdchodoslovensk\u00e1 energetika a.s. v\u0161etk\u00fdm t\u00fdmto subjektom \u010fakujeme za podporu pri realiz\u00e1ci\u00ed delf\u00ednoterapi\u00ed<\/p>\n\n<p>V roku 2023 sme realizovali projekt dielni\u010dky. Tento projekt sme mohli uskuto\u010dni\u0165 s podporou Mestsk\u00e1 \u010das\u0165 Bratislava \u2013 Petr\u017ealka, a t\u00fdmto vyslovujeme \u00faprimn\u00e9 po\u010fakovanie za ich dot\u00e1ciu.<\/p>\n<br \/>\n<figure class=\"wp-block-image is-resized\"><img fetchpriority=\"high\" decoding=\"async\" width=\"1024\" height=\"415\" class=\"wp-image-4176\" style=\"width: 378px; height: auto;\" src=\"https:\/\/www.bocianiky.sk\/wp-content\/uploads\/2023\/10\/Logotyp_horizontal_1-1024x415.jpg\" alt=\"\" srcset=\"https:\/\/www.bocianiky.sk\/wp-content\/uploads\/2023\/10\/Logotyp_horizontal_1-1024x415.jpg 1024w, https:\/\/www.bocianiky.sk\/wp-content\/uploads\/2023\/10\/Logotyp_horizontal_1-600x243.jpg 600w, https:\/\/www.bocianiky.sk\/wp-content\/uploads\/2023\/10\/Logotyp_horizontal_1-300x122.jpg 300w, https:\/\/www.bocianiky.sk\/wp-content\/uploads\/2023\/10\/Logotyp_horizontal_1-768x311.jpg 768w, https:\/\/www.bocianiky.sk\/wp-content\/uploads\/2023\/10\/Logotyp_horizontal_1-200x81.jpg 200w, https:\/\/www.bocianiky.sk\/wp-content\/uploads\/2023\/10\/Logotyp_horizontal_1.jpg 1460w\" sizes=\"(max-width: 1024px) 100vw, 1024px\" \/><\/figure>\n<p>V roku 2024 sme realizovali projekt pohybovo-kreat\u00edvno-inkluz\u00edvne t\u00e1bory . Tento projekt sme mohli uskuto\u010dni\u0165 s podporou Mestsk\u00e1 \u010das\u0165 Bratislava \u2013 Petr\u017ealka, a t\u00fdmto vyslovujeme \u00faprimn\u00e9 po\u010fakovanie za ich dot\u00e1ciu.<\/p>\n<p><img fetchpriority=\"high\" decoding=\"async\" width=\"1024\" height=\"415\" class=\"wp-image-4176\" style=\"width: 378px; height: auto;\" src=\"https:\/\/www.bocianiky.sk\/wp-content\/uploads\/2023\/10\/Logotyp_horizontal_1-1024x415.jpg\" alt=\"\" srcset=\"https:\/\/www.bocianiky.sk\/wp-content\/uploads\/2023\/10\/Logotyp_horizontal_1-1024x415.jpg 1024w, https:\/\/www.bocianiky.sk\/wp-content\/uploads\/2023\/10\/Logotyp_horizontal_1-600x243.jpg 600w, https:\/\/www.bocianiky.sk\/wp-content\/uploads\/2023\/10\/Logotyp_horizontal_1-300x122.jpg 300w, https:\/\/www.bocianiky.sk\/wp-content\/uploads\/2023\/10\/Logotyp_horizontal_1-768x311.jpg 768w, https:\/\/www.bocianiky.sk\/wp-content\/uploads\/2023\/10\/Logotyp_horizontal_1-200x81.jpg 200w, https:\/\/www.bocianiky.sk\/wp-content\/uploads\/2023\/10\/Logotyp_horizontal_1.jpg 1460w\" sizes=\"(max-width: 1024px) 100vw, 1024px\" \/><\/p>\n[\/vc_column_text][\/vc_column][\/vc_row]\n","protected":false},"excerpt":{"rendered":"<p>[vc_row type=&#8220;in_container&#8220; full_screen_row_position=&#8220;middle&#8220; column_margin=&#8220;default&#8220; column_direction=&#8220;default&#8220; column_direction_tablet=&#8220;default&#8220; column_direction_phone=&#8220;default&#8220; scene_position=&#8220;center&#8220; text_color=&#8220;dark&#8220; text_align=&#8220;left&#8220; row_border_radius=&#8220;none&#8220; row_border_radius_applies=&#8220;bg&#8220; overflow=&#8220;visible&#8220; overlay_strength=&#8220;0.3&#8243; gradient_direction=&#8220;left_to_right&#8220; shape_divider_position=&#8220;bottom&#8220; bg_image_animation=&#8220;none&#8220;][vc_column column_padding=&#8220;no-extra-padding&#8220; column_padding_tablet=&#8220;inherit&#8220; column_padding_phone=&#8220;inherit&#8220; column_padding_position=&#8220;all&#8220; column_element_spacing=&#8220;default&#8220; background_color_opacity=&#8220;1&#8243; background_hover_color_opacity=&#8220;1&#8243; column_shadow=&#8220;none&#8220; column_border_radius=&#8220;none&#8220; column_link_target=&#8220;_self&#8220; column_position=&#8220;default&#8220; gradient_direction=&#8220;left_to_right&#8220; overlay_strength=&#8220;0.3&#8243;&#8230;<\/p>\n","protected":false},"author":1,"featured_media":0,"parent":0,"menu_order":0,"comment_status":"closed","ping_status":"closed","template":"","meta":{"footnotes":""},"class_list":["post-4189","page","type-page","status-publish"],"_links":{"self":[{"href":"https:\/\/www.bocianiky.sk\/index.php?rest_route=\/wp\/v2\/pages\/4189","targetHints":{"allow":["GET"]}}],"collection":[{"href":"https:\/\/www.bocianiky.sk\/index.php?rest_route=\/wp\/v2\/pages"}],"about":[{"href":"https:\/\/www.bocianiky.sk\/index.php?rest_route=\/wp\/v2\/types\/page"}],"author":[{"embeddable":true,"href":"https:\/\/www.bocianiky.sk\/index.php?rest_route=\/wp\/v2\/users\/1"}],"replies":[{"embeddable":true,"href":"https:\/\/www.bocianiky.sk\/index.php?rest_route=%2Fwp%2Fv2%2Fcomments&post=4189"}],"version-history":[{"count":18,"href":"https:\/\/www.bocianiky.sk\/index.php?rest_route=\/wp\/v2\/pages\/4189\/revisions"}],"predecessor-version":[{"id":4425,"href":"https:\/\/www.bocianiky.sk\/index.php?rest_route=\/wp\/v2\/pages\/4189\/revisions\/4425"}],"wp:attachment":[{"href":"https:\/\/www.bocianiky.sk\/index.php?rest_route=%2Fwp%2Fv2%2Fmedia&parent=4189"}],"curies":[{"name":"wp","href":"https:\/\/api.w.org\/{rel}","templated":true}]}}