{"id":4769,"date":"2026-02-17T13:58:12","date_gmt":"2026-02-17T12:58:12","guid":{"rendered":"https:\/\/www.bocianiky.sk\/?page_id=4769"},"modified":"2026-02-23T11:51:33","modified_gmt":"2026-02-23T10:51:33","slug":"dobrovolnictvo","status":"publish","type":"page","link":"https:\/\/www.bocianiky.sk\/?page_id=4769","title":{"rendered":"Dobrovoln\u00edctvo"},"content":{"rendered":"[vc_row type=&#8220;in_container&#8220; full_screen_row_position=&#8220;middle&#8220; column_margin=&#8220;default&#8220; column_direction=&#8220;default&#8220; column_direction_tablet=&#8220;default&#8220; column_direction_phone=&#8220;default&#8220; scene_position=&#8220;center&#8220; text_color=&#8220;dark&#8220; text_align=&#8220;left&#8220; row_border_radius=&#8220;none&#8220; row_border_radius_applies=&#8220;bg&#8220; overflow=&#8220;visible&#8220; overlay_strength=&#8220;0.3&#8243; gradient_direction=&#8220;left_to_right&#8220; shape_divider_position=&#8220;bottom&#8220; bg_image_animation=&#8220;none&#8220;][vc_column column_padding=&#8220;no-extra-padding&#8220; column_padding_tablet=&#8220;inherit&#8220; column_padding_phone=&#8220;inherit&#8220; column_padding_position=&#8220;all&#8220; column_element_spacing=&#8220;default&#8220; background_color_opacity=&#8220;1&#8243; background_hover_color_opacity=&#8220;1&#8243; column_shadow=&#8220;none&#8220; column_border_radius=&#8220;none&#8220; column_link_target=&#8220;_self&#8220; column_position=&#8220;default&#8220; gradient_direction=&#8220;left_to_right&#8220; overlay_strength=&#8220;0.3&#8243; width=&#8220;1\/1&#8243; tablet_width_inherit=&#8220;default&#8220; tablet_text_alignment=&#8220;default&#8220; phone_text_alignment=&#8220;default&#8220; animation_type=&#8220;default&#8220; bg_image_animation=&#8220;none&#8220; border_type=&#8220;simple&#8220; column_border_width=&#8220;none&#8220; column_border_style=&#8220;solid&#8220;][vc_column_text]<strong>V\u00fdzva pre firmy: Sta\u0148te sa \u201ePr\u00edpravn\u00fdm t\u00edmom\u201c Bocianikov<\/strong><\/p>\n\n<p>Dobrovo\u013en\u00edctvo v Bocianikoch nie je len o natieran\u00ed plotov. Pon\u00fakame v\u00e1m mo\u017enos\u0165 nahliadnu\u0165 do \u201ez\u00e1kulisia\u201c inkl\u00fazie a re\u00e1lne u\u013eah\u010di\u0165 \u017eivot rodin\u00e1m znev\u00fdhodnen\u00fdch det\u00ed.<\/p>\n\n<p><strong>Va\u0161a firemn\u00e1 misia v na\u0161om centre:<\/strong><\/p>\n<p><br \/>\n<\/p>\n<ul class=\"wp-block-list\">\n<li style=\"list-style-type: none;\">\n<ul class=\"wp-block-list\">\n<li style=\"list-style-type: none;\">\n<ul class=\"wp-block-list\"><\/p>\n<li><strong>Dielni\u010dky \u201eDe\u0148 vopred\u201c:<\/strong> Toto je na\u0161a \u0161pecialita. Firemn\u00ed dobrovo\u013en\u00edci u n\u00e1s pripravuj\u00fa polotovary a podklady pre inkluz\u00edvne dielne. Vy strih\u00e1te, chyst\u00e1te hlinu alebo predpripravujete vzory, preto\u017ee pre znev\u00fdhodnen\u00e9 deti je to ve\u013ek\u00e1 v\u00fdzva. Nasleduj\u00faci de\u0148 si v\u0161ak ka\u017ed\u00e9 jedno z\u00a0nich vytvor\u00ed bez oh\u013eadu na hendikep svoj vlastn\u00fd v\u00fdrobok.<\/li>\n<\/ul>\n<\/li>\n<\/ul>\n<p><br \/>\n<\/p>\n<ul class=\"wp-block-list\">\n<li style=\"list-style-type: none;\">\n<ul class=\"wp-block-list\">\n<li><strong>Keramick\u00fd teambuilding:<\/strong> Vysk\u00fa\u0161ajte si pr\u00e1cu s keramikou ako t\u00edm. Pod veden\u00edm na\u0161ich lektorov vytvor\u00edte diela, ktor\u00e9 m\u00f4\u017eu zdobi\u0165 va\u0161u kancel\u00e1riu, alebo ich venujete do dobro\u010dinn\u00e9ho baz\u00e1ru Bocianikov.<\/li>\n<\/ul>\n<\/li>\n<\/ul>\n<p><br \/>\n<\/p>\n<ul class=\"wp-block-list\">\n<li><strong>Zelen\u00fd re\u0161tart v predz\u00e1hradke:<\/strong> Na\u0161a komunitn\u00e1 predz\u00e1hradka je miestom prv\u00e9ho kontaktu. Pom\u00f4\u017ete n\u00e1m s jej \u00fadr\u017ebou, v\u00fdsadbou byliniek alebo \u00fapravou posedenia. Je to ide\u00e1lny outdoorov\u00fd teambuilding priamo v srdci komunitn\u00e9ho centra.<\/li>\n<\/ul>\n<\/li>\n<\/ul>\n<p><br \/>\n<\/p>\n<p><strong>Pre\u010do Bocianiky?<\/strong><\/p>\n\n<p>Preto\u017ee tu ch\u00e1peme, \u017ee <strong>exkl\u00fazia<\/strong> sa neporaz\u00ed len peniazmi, ale pr\u00edtomnos\u0165ou a spolo\u010dn\u00fdm \u010dasom. \u010ci u\u017e ste rodi\u010d h\u013eadaj\u00faci terapiu, alebo firma h\u013eadaj\u00faca zmysel, v Bocianikoch m\u00e1te dvere otvoren\u00e9.<\/p>\n\n<p>Pre viac inform\u00e1ci\u00ed kontaktujte koordin\u00e1torku firemn\u00e9ho dobrovo\u013en\u00edctva<\/p>\n\n<p>Mgr. Michaela Bagalov\u00e1<br \/>\n+421\u00a0907\u00a0223 833<\/p>\n[\/vc_column_text][\/vc_column][\/vc_row][vc_row type=&#8220;in_container&#8220; full_screen_row_position=&#8220;middle&#8220; column_margin=&#8220;default&#8220; column_direction=&#8220;default&#8220; column_direction_tablet=&#8220;default&#8220; column_direction_phone=&#8220;default&#8220; scene_position=&#8220;center&#8220; text_color=&#8220;dark&#8220; text_align=&#8220;left&#8220; row_border_radius=&#8220;none&#8220; row_border_radius_applies=&#8220;bg&#8220; overflow=&#8220;visible&#8220; overlay_strength=&#8220;0.3&#8243; gradient_direction=&#8220;left_to_right&#8220; shape_divider_position=&#8220;bottom&#8220; bg_image_animation=&#8220;none&#8220;][vc_column column_padding=&#8220;no-extra-padding&#8220; column_padding_tablet=&#8220;inherit&#8220; column_padding_phone=&#8220;inherit&#8220; column_padding_position=&#8220;all&#8220; column_element_spacing=&#8220;default&#8220; background_color_opacity=&#8220;1&#8243; background_hover_color_opacity=&#8220;1&#8243; column_shadow=&#8220;none&#8220; column_border_radius=&#8220;none&#8220; column_link_target=&#8220;_self&#8220; column_position=&#8220;default&#8220; gradient_direction=&#8220;left_to_right&#8220; overlay_strength=&#8220;0.3&#8243; width=&#8220;1\/2&#8243; tablet_width_inherit=&#8220;default&#8220; tablet_text_alignment=&#8220;default&#8220; phone_text_alignment=&#8220;default&#8220; animation_type=&#8220;default&#8220; bg_image_animation=&#8220;none&#8220; border_type=&#8220;simple&#8220; column_border_width=&#8220;none&#8220; column_border_style=&#8220;solid&#8220;][nectar_text_inline_images media_type=&#8220;images&#8220; image_size=&#8220;medium&#8220; image_effect=&#8220;none&#8220; image_loading=&#8220;default&#8220;]\n<p data-start=\"208\" data-end=\"382\">V na\u0161ej organiz\u00e1cii sme priv\u00edtali zamestnancov z \u00daradu komis\u00e1rky pre osoby so zdravotn\u00fdm znev\u00fdhodnen\u00edm JUDr. Zuzany Stavrovskej, ktor\u00ed sa zapojili do dobrovo\u013en\u00edckych aktiv\u00edt &#8211; pr\u00edpravy materi\u00e1lu pre inkluz\u00edvne dielni\u010dky a a v\u00fdznamne prispeli k realiz\u00e1cii na\u0161ich \u010dinnost\u00ed.<\/p>\n<p data-start=\"384\" data-end=\"468\">\u010eakujeme za ich \u010das, energiu a ochotu pom\u00e1ha\u0165. Ve\u013emi si v\u00e1\u017eime spolupr\u00e1cu a podporu.<\/p>\n[\/nectar_text_inline_images][\/vc_column][vc_column column_padding=&#8220;no-extra-padding&#8220; column_padding_tablet=&#8220;inherit&#8220; column_padding_phone=&#8220;inherit&#8220; column_padding_position=&#8220;all&#8220; column_element_spacing=&#8220;default&#8220; background_color_opacity=&#8220;1&#8243; background_hover_color_opacity=&#8220;1&#8243; column_shadow=&#8220;none&#8220; column_border_radius=&#8220;none&#8220; column_link_target=&#8220;_self&#8220; column_position=&#8220;default&#8220; gradient_direction=&#8220;left_to_right&#8220; overlay_strength=&#8220;0.3&#8243; width=&#8220;1\/2&#8243; tablet_width_inherit=&#8220;default&#8220; tablet_text_alignment=&#8220;default&#8220; phone_text_alignment=&#8220;default&#8220; animation_type=&#8220;default&#8220; bg_image_animation=&#8220;none&#8220; border_type=&#8220;simple&#8220; column_border_width=&#8220;none&#8220; column_border_style=&#8220;solid&#8220;][image_with_animation image_url=&#8220;4796&#8243; image_size=&#8220;full&#8220; animation_type=&#8220;entrance&#8220; animation=&#8220;Fade In&#8220; hover_animation=&#8220;none&#8220; alignment=&#8220;&#8220; border_radius=&#8220;none&#8220; box_shadow=&#8220;none&#8220; image_loading=&#8220;default&#8220; max_width=&#8220;100%&#8220; max_width_mobile=&#8220;default&#8220;][\/vc_column][\/vc_row][vc_row type=&#8220;in_container&#8220; full_screen_row_position=&#8220;middle&#8220; column_margin=&#8220;default&#8220; column_direction=&#8220;default&#8220; column_direction_tablet=&#8220;default&#8220; column_direction_phone=&#8220;default&#8220; scene_position=&#8220;center&#8220; text_color=&#8220;dark&#8220; text_align=&#8220;left&#8220; row_border_radius=&#8220;none&#8220; row_border_radius_applies=&#8220;bg&#8220; overflow=&#8220;visible&#8220; overlay_strength=&#8220;0.3&#8243; gradient_direction=&#8220;left_to_right&#8220; shape_divider_position=&#8220;bottom&#8220; bg_image_animation=&#8220;none&#8220;][vc_column column_padding=&#8220;no-extra-padding&#8220; column_padding_tablet=&#8220;inherit&#8220; column_padding_phone=&#8220;inherit&#8220; column_padding_position=&#8220;all&#8220; column_element_spacing=&#8220;default&#8220; background_color_opacity=&#8220;1&#8243; background_hover_color_opacity=&#8220;1&#8243; column_shadow=&#8220;none&#8220; column_border_radius=&#8220;none&#8220; column_link_target=&#8220;_self&#8220; column_position=&#8220;default&#8220; gradient_direction=&#8220;left_to_right&#8220; overlay_strength=&#8220;0.3&#8243; width=&#8220;1\/2&#8243; tablet_width_inherit=&#8220;default&#8220; tablet_text_alignment=&#8220;default&#8220; phone_text_alignment=&#8220;default&#8220; animation_type=&#8220;default&#8220; bg_image_animation=&#8220;none&#8220; border_type=&#8220;simple&#8220; column_border_width=&#8220;none&#8220; column_border_style=&#8220;solid&#8220;][nectar_text_inline_images media_type=&#8220;images&#8220; image_size=&#8220;medium&#8220; image_effect=&#8220;none&#8220; image_loading=&#8220;default&#8220;]\n<p data-start=\"208\" data-end=\"382\">V na\u0161ej organiz\u00e1cii sme priv\u00edtali zamestnancov spolo\u010dnosti <b>Swiss Re, <\/b>\u00a0ktor\u00ed sa zapojili do dobrovo\u013en\u00edckych aktiv\u00edt dielni\u010dky a predz\u00e1hradka a v\u00fdznamne prispeli k realiz\u00e1cii na\u0161ich \u010dinnost\u00ed.<\/p>\n<p data-start=\"384\" data-end=\"468\">\u010eakujeme za ich \u010das, energiu a ochotu pom\u00e1ha\u0165. Ve\u013emi si v\u00e1\u017eime spolupr\u00e1cu a podporu.<\/p>\n[\/nectar_text_inline_images][\/vc_column][vc_column column_padding=&#8220;no-extra-padding&#8220; column_padding_tablet=&#8220;inherit&#8220; column_padding_phone=&#8220;inherit&#8220; column_padding_position=&#8220;all&#8220; column_element_spacing=&#8220;default&#8220; background_color_opacity=&#8220;1&#8243; background_hover_color_opacity=&#8220;1&#8243; column_shadow=&#8220;none&#8220; column_border_radius=&#8220;none&#8220; column_link_target=&#8220;_self&#8220; column_position=&#8220;default&#8220; gradient_direction=&#8220;left_to_right&#8220; overlay_strength=&#8220;0.3&#8243; width=&#8220;1\/2&#8243; tablet_width_inherit=&#8220;default&#8220; tablet_text_alignment=&#8220;default&#8220; phone_text_alignment=&#8220;default&#8220; animation_type=&#8220;default&#8220; bg_image_animation=&#8220;none&#8220; border_type=&#8220;simple&#8220; column_border_width=&#8220;none&#8220; column_border_style=&#8220;solid&#8220;][vc_gallery type=&#8220;nectarslider_style&#8220; images=&#8220;4794,4798,4799&#8243; image_loading=&#8220;default&#8220; bullet_navigation_style=&#8220;see_through&#8220; onclick=&#8220;link_no&#8220;][\/vc_column][\/vc_row][vc_row type=&#8220;in_container&#8220; full_screen_row_position=&#8220;middle&#8220; column_margin=&#8220;default&#8220; column_direction=&#8220;default&#8220; column_direction_tablet=&#8220;default&#8220; column_direction_phone=&#8220;default&#8220; scene_position=&#8220;center&#8220; text_color=&#8220;dark&#8220; text_align=&#8220;left&#8220; row_border_radius=&#8220;none&#8220; row_border_radius_applies=&#8220;bg&#8220; overflow=&#8220;visible&#8220; overlay_strength=&#8220;0.3&#8243; gradient_direction=&#8220;left_to_right&#8220; shape_divider_position=&#8220;bottom&#8220; bg_image_animation=&#8220;none&#8220;][vc_column column_padding=&#8220;no-extra-padding&#8220; column_padding_tablet=&#8220;inherit&#8220; column_padding_phone=&#8220;inherit&#8220; column_padding_position=&#8220;all&#8220; column_element_spacing=&#8220;default&#8220; background_color_opacity=&#8220;1&#8243; background_hover_color_opacity=&#8220;1&#8243; column_shadow=&#8220;none&#8220; column_border_radius=&#8220;none&#8220; column_link_target=&#8220;_self&#8220; column_position=&#8220;default&#8220; gradient_direction=&#8220;left_to_right&#8220; overlay_strength=&#8220;0.3&#8243; width=&#8220;1\/2&#8243; tablet_width_inherit=&#8220;default&#8220; tablet_text_alignment=&#8220;default&#8220; phone_text_alignment=&#8220;default&#8220; animation_type=&#8220;default&#8220; bg_image_animation=&#8220;none&#8220; border_type=&#8220;simple&#8220; column_border_width=&#8220;none&#8220; column_border_style=&#8220;solid&#8220;][nectar_text_inline_images media_type=&#8220;images&#8220; image_size=&#8220;medium&#8220; image_effect=&#8220;none&#8220; image_loading=&#8220;default&#8220;]\n<p data-start=\"208\" data-end=\"382\">V na\u0161ej organiz\u00e1cii sme priv\u00edtali zamestnancov spolo\u010dnosti <strong>Ipsen<\/strong>, ktor\u00ed sa zapojili do dobrovo\u013en\u00edckych aktiv\u00edt predz\u00e1hradky a pomohli n\u00e1m skr\u00e1\u0161li\u0165 \u00a0z\u00e1hradku pred na\u0161im priestorom.<\/p>\n<p data-start=\"384\" data-end=\"468\">\u010eakujeme za ich \u010das, energiu a ochotu pom\u00e1ha\u0165. Ve\u013emi si v\u00e1\u017eime spolupr\u00e1cu a podporu.<\/p>\n[\/nectar_text_inline_images][\/vc_column][vc_column column_padding=&#8220;no-extra-padding&#8220; column_padding_tablet=&#8220;inherit&#8220; column_padding_phone=&#8220;inherit&#8220; column_padding_position=&#8220;all&#8220; column_element_spacing=&#8220;default&#8220; background_color_opacity=&#8220;1&#8243; background_hover_color_opacity=&#8220;1&#8243; column_shadow=&#8220;none&#8220; column_border_radius=&#8220;none&#8220; column_link_target=&#8220;_self&#8220; column_position=&#8220;default&#8220; gradient_direction=&#8220;left_to_right&#8220; overlay_strength=&#8220;0.3&#8243; width=&#8220;1\/2&#8243; tablet_width_inherit=&#8220;default&#8220; tablet_text_alignment=&#8220;default&#8220; phone_text_alignment=&#8220;default&#8220; animation_type=&#8220;default&#8220; bg_image_animation=&#8220;none&#8220; border_type=&#8220;simple&#8220; column_border_width=&#8220;none&#8220; column_border_style=&#8220;solid&#8220;][image_with_animation image_url=&#8220;4793&#8243; image_size=&#8220;medium_large&#8220; animation_type=&#8220;entrance&#8220; animation=&#8220;Fade In&#8220; hover_animation=&#8220;none&#8220; alignment=&#8220;&#8220; border_radius=&#8220;none&#8220; box_shadow=&#8220;none&#8220; image_loading=&#8220;default&#8220; max_width=&#8220;100%&#8220; max_width_mobile=&#8220;default&#8220;][\/vc_column][\/vc_row][vc_row type=&#8220;in_container&#8220; full_screen_row_position=&#8220;middle&#8220; column_margin=&#8220;default&#8220; column_direction=&#8220;default&#8220; column_direction_tablet=&#8220;default&#8220; column_direction_phone=&#8220;default&#8220; scene_position=&#8220;center&#8220; text_color=&#8220;dark&#8220; text_align=&#8220;left&#8220; row_border_radius=&#8220;none&#8220; row_border_radius_applies=&#8220;bg&#8220; overflow=&#8220;visible&#8220; overlay_strength=&#8220;0.3&#8243; gradient_direction=&#8220;left_to_right&#8220; shape_divider_position=&#8220;bottom&#8220; bg_image_animation=&#8220;none&#8220;][vc_column column_padding=&#8220;no-extra-padding&#8220; column_padding_tablet=&#8220;inherit&#8220; column_padding_phone=&#8220;inherit&#8220; column_padding_position=&#8220;all&#8220; column_element_spacing=&#8220;default&#8220; background_color_opacity=&#8220;1&#8243; background_hover_color_opacity=&#8220;1&#8243; column_shadow=&#8220;none&#8220; column_border_radius=&#8220;none&#8220; column_link_target=&#8220;_self&#8220; column_position=&#8220;default&#8220; gradient_direction=&#8220;left_to_right&#8220; overlay_strength=&#8220;0.3&#8243; width=&#8220;1\/2&#8243; tablet_width_inherit=&#8220;default&#8220; tablet_text_alignment=&#8220;default&#8220; phone_text_alignment=&#8220;default&#8220; animation_type=&#8220;default&#8220; bg_image_animation=&#8220;none&#8220; border_type=&#8220;simple&#8220; column_border_width=&#8220;none&#8220; column_border_style=&#8220;solid&#8220;][nectar_text_inline_images media_type=&#8220;images&#8220; image_size=&#8220;medium&#8220; image_effect=&#8220;none&#8220; image_loading=&#8220;default&#8220;]\n<p data-start=\"208\" data-end=\"382\">V na\u0161ej organiz\u00e1cii sme priv\u00edtali zamestnancov spolo\u010dnosti <strong data-start=\"267\" data-end=\"284\">Raben<\/strong>, ktor\u00ed sa zapojili do dobrovo\u013en\u00edckych aktiv\u00edt predz\u00e1hradky a pomohli n\u00e1m skr\u00e1\u0161li\u0165 \u00a0z\u00e1hradku pred na\u0161im priestorom.<\/p>\n<p data-start=\"384\" data-end=\"468\">\u010eakujeme za ich \u010das, energiu a ochotu pom\u00e1ha\u0165. Ve\u013emi si v\u00e1\u017eime spolupr\u00e1cu a podporu.<\/p>\n[\/nectar_text_inline_images][\/vc_column][vc_column column_padding=&#8220;no-extra-padding&#8220; column_padding_tablet=&#8220;inherit&#8220; column_padding_phone=&#8220;inherit&#8220; column_padding_position=&#8220;all&#8220; column_element_spacing=&#8220;default&#8220; background_color_opacity=&#8220;1&#8243; background_hover_color_opacity=&#8220;1&#8243; column_shadow=&#8220;none&#8220; column_border_radius=&#8220;none&#8220; column_link_target=&#8220;_self&#8220; column_position=&#8220;default&#8220; gradient_direction=&#8220;left_to_right&#8220; overlay_strength=&#8220;0.3&#8243; width=&#8220;1\/2&#8243; tablet_width_inherit=&#8220;default&#8220; tablet_text_alignment=&#8220;default&#8220; phone_text_alignment=&#8220;default&#8220; animation_type=&#8220;default&#8220; bg_image_animation=&#8220;none&#8220; border_type=&#8220;simple&#8220; column_border_width=&#8220;none&#8220; column_border_style=&#8220;solid&#8220;][image_with_animation image_url=&#8220;4797&#8243; image_size=&#8220;medium_large&#8220; animation_type=&#8220;entrance&#8220; animation=&#8220;Fade In&#8220; hover_animation=&#8220;none&#8220; alignment=&#8220;&#8220; border_radius=&#8220;none&#8220; box_shadow=&#8220;none&#8220; image_loading=&#8220;default&#8220; max_width=&#8220;100%&#8220; max_width_mobile=&#8220;default&#8220;][\/vc_column][\/vc_row]\n","protected":false},"excerpt":{"rendered":"<p>[vc_row type=&#8220;in_container&#8220; full_screen_row_position=&#8220;middle&#8220; column_margin=&#8220;default&#8220; column_direction=&#8220;default&#8220; column_direction_tablet=&#8220;default&#8220; column_direction_phone=&#8220;default&#8220; scene_position=&#8220;center&#8220; text_color=&#8220;dark&#8220; text_align=&#8220;left&#8220; row_border_radius=&#8220;none&#8220; row_border_radius_applies=&#8220;bg&#8220; overflow=&#8220;visible&#8220; overlay_strength=&#8220;0.3&#8243; gradient_direction=&#8220;left_to_right&#8220; shape_divider_position=&#8220;bottom&#8220; bg_image_animation=&#8220;none&#8220;][vc_column column_padding=&#8220;no-extra-padding&#8220; column_padding_tablet=&#8220;inherit&#8220; column_padding_phone=&#8220;inherit&#8220; column_padding_position=&#8220;all&#8220; column_element_spacing=&#8220;default&#8220; background_color_opacity=&#8220;1&#8243; background_hover_color_opacity=&#8220;1&#8243; column_shadow=&#8220;none&#8220; column_border_radius=&#8220;none&#8220; column_link_target=&#8220;_self&#8220; column_position=&#8220;default&#8220; gradient_direction=&#8220;left_to_right&#8220; overlay_strength=&#8220;0.3&#8243;&#8230;<\/p>\n","protected":false},"author":1,"featured_media":0,"parent":0,"menu_order":0,"comment_status":"closed","ping_status":"closed","template":"","meta":{"footnotes":""},"class_list":["post-4769","page","type-page","status-publish"],"_links":{"self":[{"href":"https:\/\/www.bocianiky.sk\/index.php?rest_route=\/wp\/v2\/pages\/4769","targetHints":{"allow":["GET"]}}],"collection":[{"href":"https:\/\/www.bocianiky.sk\/index.php?rest_route=\/wp\/v2\/pages"}],"about":[{"href":"https:\/\/www.bocianiky.sk\/index.php?rest_route=\/wp\/v2\/types\/page"}],"author":[{"embeddable":true,"href":"https:\/\/www.bocianiky.sk\/index.php?rest_route=\/wp\/v2\/users\/1"}],"replies":[{"embeddable":true,"href":"https:\/\/www.bocianiky.sk\/index.php?rest_route=%2Fwp%2Fv2%2Fcomments&post=4769"}],"version-history":[{"count":7,"href":"https:\/\/www.bocianiky.sk\/index.php?rest_route=\/wp\/v2\/pages\/4769\/revisions"}],"predecessor-version":[{"id":4803,"href":"https:\/\/www.bocianiky.sk\/index.php?rest_route=\/wp\/v2\/pages\/4769\/revisions\/4803"}],"wp:attachment":[{"href":"https:\/\/www.bocianiky.sk\/index.php?rest_route=%2Fwp%2Fv2%2Fmedia&parent=4769"}],"curies":[{"name":"wp","href":"https:\/\/api.w.org\/{rel}","templated":true}]}}