{"id":4806,"date":"2026-04-13T09:18:07","date_gmt":"2026-04-13T08:18:07","guid":{"rendered":"https:\/\/www.bocianiky.sk\/?page_id=4806"},"modified":"2026-04-13T09:26:55","modified_gmt":"2026-04-13T08:26:55","slug":"odborne-diskusie","status":"publish","type":"page","link":"https:\/\/www.bocianiky.sk\/?page_id=4806","title":{"rendered":"Odborn\u00e9 diskusie"},"content":{"rendered":"[vc_row type=&#8220;in_container&#8220; full_screen_row_position=&#8220;middle&#8220; column_margin=&#8220;default&#8220; column_direction=&#8220;default&#8220; column_direction_tablet=&#8220;default&#8220; column_direction_phone=&#8220;default&#8220; scene_position=&#8220;center&#8220; text_color=&#8220;dark&#8220; text_align=&#8220;left&#8220; row_border_radius=&#8220;none&#8220; row_border_radius_applies=&#8220;bg&#8220; overflow=&#8220;visible&#8220; overlay_strength=&#8220;0.3&#8243; gradient_direction=&#8220;left_to_right&#8220; shape_divider_position=&#8220;bottom&#8220; bg_image_animation=&#8220;none&#8220;][vc_column column_padding=&#8220;no-extra-padding&#8220; column_padding_tablet=&#8220;inherit&#8220; column_padding_phone=&#8220;inherit&#8220; column_padding_position=&#8220;all&#8220; column_element_spacing=&#8220;default&#8220; background_color_opacity=&#8220;1&#8243; background_hover_color_opacity=&#8220;1&#8243; column_shadow=&#8220;none&#8220; column_border_radius=&#8220;none&#8220; column_link_target=&#8220;_self&#8220; column_position=&#8220;default&#8220; gradient_direction=&#8220;left_to_right&#8220; overlay_strength=&#8220;0.3&#8243; width=&#8220;1\/1&#8243; tablet_width_inherit=&#8220;default&#8220; tablet_text_alignment=&#8220;default&#8220; phone_text_alignment=&#8220;default&#8220; animation_type=&#8220;default&#8220; bg_image_animation=&#8220;none&#8220; border_type=&#8220;simple&#8220; column_border_width=&#8220;none&#8220; column_border_style=&#8220;solid&#8220;][vc_column_text]&nbsp;<\/p>\n<p><strong><span style=\"font-size: 14pt;\">V Bocianikoch sp\u00e1jame kreativitu s odbornou pomocou<\/span><\/strong><\/p>\n<p>Rodinn\u00e9 centrum Bocianiky u\u017e 15 rokov pulzuje \u017eivotom. Za ten \u010das sa stalo bezpe\u010dn\u00fdm pr\u00edstavom nielen pre rodiny det\u00ed so zdravotn\u00fdm znev\u00fdhodnen\u00edm, ale pre ka\u017ed\u00e9ho, kto h\u013ead\u00e1 priestor na sebarealiz\u00e1ciu, oddych a tvorbu. Ver\u00edme toti\u017e, \u017ee komunita rastie vtedy, ke\u010f si navz\u00e1jom pom\u00e1hame \u2013 nielen zdie\u013ean\u00edm spolo\u010dn\u00fdch z\u00e1\u013eub, ale aj vedomost\u00ed, ktor\u00e9 n\u00e1m u\u013eah\u010duj\u00fa ka\u017edodenn\u00fd \u017eivot.<\/p>\n<p>Ke\u010f sa umenie stretne s expert\u00edzou<\/p>\n<p>Uplynul\u00fa sobotu sme v na\u0161om centre za\u017eili v\u00fdnimo\u010dn\u00e9 dopoludnie. K\u00fdm na\u0161e stoly zdobili farby a kreat\u00edvne materi\u00e1ly Ve\u013ekej noci, atmosf\u00e9ru sme doplnili nie\u010d\u00edm, \u010do rodiny s de\u0165mi so znev\u00fdhodnen\u00edm potrebuj\u00fa ako so\u013e \u2013 jasn\u00fdmi odpove\u010fami a odborn\u00fdm veden\u00edm.<\/p>\n<p>Na\u0161e pozvanie prijala Jana \u017dit\u0148ansk\u00e1, osobnos\u0165, ktor\u00e1 sa dlhodobo a ne\u00fanavne anga\u017euje v oblasti pr\u00e1v os\u00f4b so zdravotn\u00fdm postihnut\u00edm. Ako filantropka a odborn\u00ed\u010dka na soci\u00e1lnu politiku pomohla rodi\u010dom zorientova\u0165 sa v spleti legislat\u00edvy a praktick\u00fdch ot\u00e1zok spojen\u00fdch so starostlivos\u0165ou o ich deti.<\/p>\n<p><strong>Kto je Jana \u017dit\u0148ansk\u00e1?<\/strong><\/p>\n<p>Jana \u017dit\u0148ansk\u00e1 je na slovenskej aj eur\u00f3pskej sc\u00e9ne zn\u00e1ma ako hlas t\u00fdch, ktor\u00fdch je niekedy menej po\u010du\u0165. Jej pr\u00e1ca zah\u0155\u0148a:<\/p>\n<ul>\n<li><strong>Presadzovanie syst\u00e9mov\u00fdch zmien:<\/strong> Dlhodobo bojuje za lep\u0161ie podmienky pre opatrovate\u013eov a dostupnos\u0165 terapi\u00ed pre deti s \u0165a\u017ek\u00fdm zdravotn\u00fdm postihnut\u00edm (\u0164ZP).<\/li>\n<li><strong>Osvetov\u00fa \u010dinnos\u0165:<\/strong> Je autorkou v\u00f4bec prv\u00e9ho slovn\u00edka korektn\u00fdch pojmov v oblasti zdravotn\u00e9ho postihnutia, \u010d\u00edm pom\u00e1ha b\u00fara\u0165 bari\u00e9ry a predsudky v spolo\u010dnosti.<\/li>\n<li><strong>Eur\u00f3psky presah:<\/strong> Ako b\u00fdval\u00e1 europoslanky\u0148a sa podie\u013eala na tvorbe Eur\u00f3pskeho aktu o pr\u00edstupnosti, ktor\u00fd zlep\u0161uje \u017eivoty mili\u00f3nom \u013eud\u00ed s hendikepom naprie\u010d celou \u00daniou.<\/li>\n<\/ul>\n<p>\u201eDobra je viac, len je niekedy pr\u00edli\u0161 ticho,\u201c hovor\u00ed Jana \u017dit\u0148ansk\u00e1. Sme v\u010fa\u010dn\u00ed, \u017ee toto \u201etich\u00e9 dobro\u201c zav\u00edtalo pr\u00e1ve k n\u00e1m a pomohlo vnies\u0165 svetlo do n\u00e1ro\u010dn\u00fdch t\u00e9m, ktor\u00fdm na\u0161e rodiny \u010delia.<\/p>\n<p>Sila pravidelnej podpory<\/p>\n<p>Diskusia s Janou \u017dit\u0148anskou je s\u00fa\u010das\u0165ou na\u0161ej dlhodobej v\u00edzie. Chceme, aby Bocianiky neboli len miestom, kde vznikaj\u00fa kr\u00e1sne veci, ale aj miestom, kde komunita z\u00edskava silu a kompetencie. Pravideln\u00e1 podpora formou predn\u00e1\u0161ok odborn\u00edkov je k\u013e\u00fa\u010dom k tomu, aby rodi\u010dia nezost\u00e1vali na svoje probl\u00e9my sami.<\/p>\n<p>\u010ci u\u017e ide o pr\u00e1vne rady, psychologick\u00fa podporu alebo praktick\u00e9 tipy pre opatrovate\u013eov, ka\u017ed\u00e9 tak\u00e9to stretnutie n\u00e1s pos\u00fava o krok vpred k inkluz\u00edvnej\u0161ej a informovanej\u0161ej spolo\u010dnosti.<\/p>\n<p>Va\u0161e Bocianiky \u2013 miesto, kde rastieme spolu.[\/vc_column_text][\/vc_column][\/vc_row]\n","protected":false},"excerpt":{"rendered":"<p>[vc_row type=&#8220;in_container&#8220; full_screen_row_position=&#8220;middle&#8220; column_margin=&#8220;default&#8220; column_direction=&#8220;default&#8220; column_direction_tablet=&#8220;default&#8220; column_direction_phone=&#8220;default&#8220; scene_position=&#8220;center&#8220; text_color=&#8220;dark&#8220; text_align=&#8220;left&#8220; row_border_radius=&#8220;none&#8220; row_border_radius_applies=&#8220;bg&#8220; overflow=&#8220;visible&#8220; overlay_strength=&#8220;0.3&#8243; gradient_direction=&#8220;left_to_right&#8220; shape_divider_position=&#8220;bottom&#8220; bg_image_animation=&#8220;none&#8220;][vc_column column_padding=&#8220;no-extra-padding&#8220; column_padding_tablet=&#8220;inherit&#8220; column_padding_phone=&#8220;inherit&#8220; column_padding_position=&#8220;all&#8220; column_element_spacing=&#8220;default&#8220; background_color_opacity=&#8220;1&#8243; background_hover_color_opacity=&#8220;1&#8243; column_shadow=&#8220;none&#8220; column_border_radius=&#8220;none&#8220; column_link_target=&#8220;_self&#8220; column_position=&#8220;default&#8220; gradient_direction=&#8220;left_to_right&#8220; overlay_strength=&#8220;0.3&#8243;&#8230;<\/p>\n","protected":false},"author":1,"featured_media":0,"parent":0,"menu_order":0,"comment_status":"closed","ping_status":"closed","template":"","meta":{"footnotes":""},"class_list":["post-4806","page","type-page","status-publish"],"_links":{"self":[{"href":"https:\/\/www.bocianiky.sk\/index.php?rest_route=\/wp\/v2\/pages\/4806","targetHints":{"allow":["GET"]}}],"collection":[{"href":"https:\/\/www.bocianiky.sk\/index.php?rest_route=\/wp\/v2\/pages"}],"about":[{"href":"https:\/\/www.bocianiky.sk\/index.php?rest_route=\/wp\/v2\/types\/page"}],"author":[{"embeddable":true,"href":"https:\/\/www.bocianiky.sk\/index.php?rest_route=\/wp\/v2\/users\/1"}],"replies":[{"embeddable":true,"href":"https:\/\/www.bocianiky.sk\/index.php?rest_route=%2Fwp%2Fv2%2Fcomments&post=4806"}],"version-history":[{"count":3,"href":"https:\/\/www.bocianiky.sk\/index.php?rest_route=\/wp\/v2\/pages\/4806\/revisions"}],"predecessor-version":[{"id":4811,"href":"https:\/\/www.bocianiky.sk\/index.php?rest_route=\/wp\/v2\/pages\/4806\/revisions\/4811"}],"wp:attachment":[{"href":"https:\/\/www.bocianiky.sk\/index.php?rest_route=%2Fwp%2Fv2%2Fmedia&parent=4806"}],"curies":[{"name":"wp","href":"https:\/\/api.w.org\/{rel}","templated":true}]}}